{"id":7933,"date":"2021-05-09T18:01:02","date_gmt":"2021-05-09T18:01:02","guid":{"rendered":"https:\/\/webtest01.inbsys.fr\/demo-institutionnel\/nos-technologies\/integration-complete-avec-le-gds\/tibi-pour-travelport-smartpoint\/"},"modified":"2021-10-26T22:27:15","modified_gmt":"2021-10-26T22:27:15","slug":"tibi-pour-travelport-smartpoint","status":"publish","type":"page","link":"https:\/\/www.inbsys.fr\/institutionnel\/fr\/nos-technologies\/integration-complete-avec-le-gds\/tibi-pour-travelport-smartpoint\/","title":{"rendered":"TiBi pour Travelport Smartpoint"},"content":{"rendered":"\t\t<div data-elementor-type=\"wp-page\" data-elementor-id=\"7933\" class=\"elementor elementor-7933\">\n\t\t\t\t\t\t<div class=\"elementor-inner\">\n\t\t\t\t<div class=\"elementor-section-wrap\">\n\t\t\t\t\t\t\t\t\t<section class=\"elementor-section elementor-top-section elementor-element elementor-element-f9a8b87 elementor-section-boxed elementor-section-height-default elementor-section-height-default\" data-id=\"f9a8b87\" data-element_type=\"section\">\n\t\t\t\t\t\t<div class=\"elementor-container elementor-column-gap-default\">\n\t\t\t\t\t\t\t<div class=\"elementor-row\">\n\t\t\t\t\t<div class=\"elementor-column elementor-col-100 elementor-top-column elementor-element elementor-element-bf80809\" data-id=\"bf80809\" data-element_type=\"column\">\n\t\t\t<div class=\"elementor-column-wrap elementor-element-populated\">\n\t\t\t\t\t\t\t<div class=\"elementor-widget-wrap\">\n\t\t\t\t\t\t<div class=\"elementor-element elementor-element-7d47f07 elementor-widget elementor-widget-image\" data-id=\"7d47f07\" data-element_type=\"widget\" data-widget_type=\"image.default\">\n\t\t\t\t<div class=\"elementor-widget-container\">\n\t\t\t\t\t\t\t\t<div class=\"elementor-image\">\n\t\t\t\t\t\t\t\t\t\t\t\t<img width=\"150\" height=\"150\" src=\"https:\/\/www.inbsys.fr\/institutionnel\/wp-content\/uploads\/2021\/05\/tibi_fls_200x200-150x150.jpg\" class=\"attachment-thumbnail size-thumbnail\" alt=\"\" loading=\"lazy\" srcset=\"https:\/\/www.inbsys.fr\/institutionnel\/wp-content\/uploads\/2021\/05\/tibi_fls_200x200-150x150.jpg 150w, https:\/\/www.inbsys.fr\/institutionnel\/wp-content\/uploads\/2021\/05\/tibi_fls_200x200.jpg 200w\" sizes=\"(max-width: 150px) 100vw, 150px\" \/>\t\t\t\t\t\t\t\t\t\t\t\t\t\t<\/div>\n\t\t\t\t\t\t<\/div>\n\t\t\t\t<\/div>\n\t\t\t\t<div class=\"elementor-element elementor-element-e88f8e5 elementor-widget elementor-widget-heading\" data-id=\"e88f8e5\" data-element_type=\"widget\" data-widget_type=\"heading.default\">\n\t\t\t\t<div class=\"elementor-widget-container\">\n\t\t\t<h1 class=\"elementor-heading-title elementor-size-default\">Travel insurance booking interface<\/h1>\t\t<\/div>\n\t\t\t\t<\/div>\n\t\t\t\t<div class=\"elementor-element elementor-element-b2280e4 elementor-widget elementor-widget-spacer\" data-id=\"b2280e4\" data-element_type=\"widget\" data-widget_type=\"spacer.default\">\n\t\t\t\t<div class=\"elementor-widget-container\">\n\t\t\t\t\t<div class=\"elementor-spacer\">\n\t\t\t<div class=\"elementor-spacer-inner\"><\/div>\n\t\t<\/div>\n\t\t\t\t<\/div>\n\t\t\t\t<\/div>\n\t\t\t\t\t\t<\/div>\n\t\t\t\t\t<\/div>\n\t\t<\/div>\n\t\t\t\t\t\t\t\t<\/div>\n\t\t\t\t\t<\/div>\n\t\t<\/section>\n\t\t\t\t<section class=\"elementor-section elementor-top-section elementor-element elementor-element-a267144 elementor-section-content-middle elementor-section-boxed elementor-section-height-default elementor-section-height-default\" data-id=\"a267144\" data-element_type=\"section\" data-settings=\"{&quot;background_background&quot;:&quot;classic&quot;}\">\n\t\t\t\t\t\t<div class=\"elementor-container elementor-column-gap-default\">\n\t\t\t\t\t\t\t<div class=\"elementor-row\">\n\t\t\t\t\t<div class=\"elementor-column elementor-col-50 elementor-top-column elementor-element elementor-element-c97fecb\" data-id=\"c97fecb\" data-element_type=\"column\" data-settings=\"{&quot;background_background&quot;:&quot;classic&quot;}\">\n\t\t\t<div class=\"elementor-column-wrap elementor-element-populated\">\n\t\t\t\t\t\t\t<div class=\"elementor-widget-wrap\">\n\t\t\t\t\t\t<div class=\"elementor-element elementor-element-6b22c80 border-image elementor-invisible elementor-widget elementor-widget-image\" data-id=\"6b22c80\" data-element_type=\"widget\" data-settings=\"{&quot;_animation&quot;:&quot;fadeInUp&quot;,&quot;_animation_delay&quot;:450}\" data-widget_type=\"image.default\">\n\t\t\t\t<div class=\"elementor-widget-container\">\n\t\t\t\t\t\t\t\t<div class=\"elementor-image\">\n\t\t\t\t\t\t\t\t\t\t\t\t<img width=\"567\" height=\"537\" src=\"https:\/\/www.inbsys.fr\/institutionnel\/wp-content\/uploads\/2021\/04\/Travel-agent-square.jpg\" class=\"attachment-large size-large\" alt=\"\" loading=\"lazy\" srcset=\"https:\/\/www.inbsys.fr\/institutionnel\/wp-content\/uploads\/2021\/04\/Travel-agent-square.jpg 567w, https:\/\/www.inbsys.fr\/institutionnel\/wp-content\/uploads\/2021\/04\/Travel-agent-square-300x284.jpg 300w\" sizes=\"(max-width: 567px) 100vw, 567px\" \/>\t\t\t\t\t\t\t\t\t\t\t\t\t\t<\/div>\n\t\t\t\t\t\t<\/div>\n\t\t\t\t<\/div>\n\t\t\t\t\t\t<\/div>\n\t\t\t\t\t<\/div>\n\t\t<\/div>\n\t\t\t\t<div class=\"elementor-column elementor-col-50 elementor-top-column elementor-element elementor-element-9db8687 elementor-invisible\" data-id=\"9db8687\" data-element_type=\"column\" data-settings=\"{&quot;animation&quot;:&quot;fadeInUp&quot;,&quot;animation_delay&quot;:550}\">\n\t\t\t<div class=\"elementor-column-wrap elementor-element-populated\">\n\t\t\t\t\t\t\t<div class=\"elementor-widget-wrap\">\n\t\t\t\t\t\t<div class=\"elementor-element elementor-element-16308bc elementor-widget elementor-widget-instive-content-slider\" data-id=\"16308bc\" data-element_type=\"widget\" data-widget_type=\"instive-content-slider.default\">\n\t\t\t\t<div class=\"elementor-widget-container\">\n\t\t\t          \n    <div class=\"content-slider content-slider-two owl-carousel owl-theme\" data-controls=\"{&quot;show_nav&quot;:false,&quot;dot_nav_show&quot;:&quot;yes&quot;,&quot;auto_nav_slide&quot;:&quot;&quot;,&quot;ts_content_slider_speed&quot;:5000}\">\n                        \n                   \n                \n                    <div class=\"slide-item\">\n                            <div class=\"intro-wrap content-wrap\">\n                \n                            <h2 class=\"section-title\">\n                                \n                                TiBi est une app compl\u00e8tement int\u00e9gr\u00e9e \u00e0 Travelport Smartpoint\n                            <\/h2>\n\n                            <p>\n                                Une fois que la compagnie d'assurance est connect\u00e9e avec TiBi, alors son offre produit est disponible \u00e0 la vente instantan\u00e9ment sur Travelport Smartpoint pour les agences de voyage !                            <\/p>\n                                                           <div class=\"button-area\">\n                                    <a href=\"\/institutionnel\/fr\/nous-contacter\/\" class=\"btn btn-primary\"><i class=\"tsicon tsicon-button_icon03\"><\/i> Plus d&#039;informations <\/a>\n                               <\/div>\n                              \n                            <\/div>\n                        <\/div>\n                                        <\/div>\n        \t\t<\/div>\n\t\t\t\t<\/div>\n\t\t\t\t\t\t<\/div>\n\t\t\t\t\t<\/div>\n\t\t<\/div>\n\t\t\t\t\t\t\t\t<\/div>\n\t\t\t\t\t<\/div>\n\t\t<\/section>\n\t\t\t\t<section class=\"elementor-section elementor-top-section elementor-element elementor-element-81b850a elementor-section-boxed elementor-section-height-default elementor-section-height-default\" data-id=\"81b850a\" data-element_type=\"section\">\n\t\t\t\t\t\t<div class=\"elementor-container elementor-column-gap-default\">\n\t\t\t\t\t\t\t<div class=\"elementor-row\">\n\t\t\t\t\t<div class=\"elementor-column elementor-col-100 elementor-top-column elementor-element elementor-element-e71377f\" data-id=\"e71377f\" data-element_type=\"column\">\n\t\t\t<div class=\"elementor-column-wrap elementor-element-populated\">\n\t\t\t\t\t\t\t<div class=\"elementor-widget-wrap\">\n\t\t\t\t\t\t<div class=\"elementor-element elementor-element-b8b3c7b elementor-aspect-ratio-169 elementor-widget elementor-widget-video\" data-id=\"b8b3c7b\" data-element_type=\"widget\" data-settings=\"{&quot;youtube_url&quot;:&quot;https:\\\/\\\/youtu.be\\\/rzHoGFYR9YU&quot;,&quot;video_type&quot;:&quot;youtube&quot;,&quot;controls&quot;:&quot;yes&quot;,&quot;aspect_ratio&quot;:&quot;169&quot;}\" data-widget_type=\"video.default\">\n\t\t\t\t<div class=\"elementor-widget-container\">\n\t\t\t\t\t<div class=\"elementor-wrapper elementor-fit-aspect-ratio elementor-open-inline\">\n\t\t\t<div class=\"elementor-video\"><\/div>\t\t<\/div>\n\t\t\t\t<\/div>\n\t\t\t\t<\/div>\n\t\t\t\t\t\t<\/div>\n\t\t\t\t\t<\/div>\n\t\t<\/div>\n\t\t\t\t\t\t\t\t<\/div>\n\t\t\t\t\t<\/div>\n\t\t<\/section>\n\t\t\t\t<section class=\"elementor-section elementor-top-section elementor-element elementor-element-8eae172 elementor-section-boxed elementor-section-height-default elementor-section-height-default\" data-id=\"8eae172\" data-element_type=\"section\">\n\t\t\t\t\t\t<div class=\"elementor-container elementor-column-gap-default\">\n\t\t\t\t\t\t\t<div class=\"elementor-row\">\n\t\t\t\t\t<div class=\"elementor-column elementor-col-50 elementor-top-column elementor-element elementor-element-d80090c\" data-id=\"d80090c\" data-element_type=\"column\">\n\t\t\t<div class=\"elementor-column-wrap elementor-element-populated\">\n\t\t\t\t\t\t\t<div class=\"elementor-widget-wrap\">\n\t\t\t\t\t\t<div class=\"elementor-element elementor-element-a0925de elementor-widget elementor-widget-heading\" data-id=\"a0925de\" data-element_type=\"widget\" data-widget_type=\"heading.default\">\n\t\t\t\t<div class=\"elementor-widget-container\">\n\t\t\t<h2 class=\"elementor-heading-title elementor-size-default\">Le Workflow Tibi et l'int\u00e9gration PNR<\/h2>\t\t<\/div>\n\t\t\t\t<\/div>\n\t\t\t\t<div class=\"elementor-element elementor-element-9b4a63c elementor-widget elementor-widget-text-editor\" data-id=\"9b4a63c\" data-element_type=\"widget\" data-widget_type=\"text-editor.default\">\n\t\t\t\t<div class=\"elementor-widget-container\">\n\t\t\t\t\t\t\t\t<div class=\"elementor-text-editor elementor-clearfix\">\n\t\t\t\t<p>La compagnie d&rsquo;assurance est h\u00e9berg\u00e9e ou connect\u00e9e \u00e0 TiBi avec son API. Les produits d&rsquo;assurances sont pr\u00e9sent\u00e9s \u00e0 l&rsquo;agent de voyages dans Travelport Smartpoint Galileo via TiBi. Les produits et ses conditions sont ainsi instantan\u00e9ment disponibles \u00e0 la vente avec en plus l&rsquo;int\u00e9gration du PNR.<\/p><p>Les workflows inclus dans TiBi : Tarification, Souscription, Distribution, Dashboarding &amp; Rapports de vente, Accr\u00e9ditation des agences de voyages et calcul des commissions.<\/p>\t\t\t\t\t<\/div>\n\t\t\t\t\t\t<\/div>\n\t\t\t\t<\/div>\n\t\t\t\t<div class=\"elementor-element elementor-element-21bb743 elementor-widget elementor-widget-text-editor\" data-id=\"21bb743\" data-element_type=\"widget\" data-widget_type=\"text-editor.default\">\n\t\t\t\t<div class=\"elementor-widget-container\">\n\t\t\t\t\t\t\t\t<div class=\"elementor-text-editor elementor-clearfix\">\n\t\t\t\t<p><strong>Les informations cl\u00e9s du voyage sont directement extraites du PNR et le segment assurance est stock\u00e9 dans le back office de l&rsquo;agence de voyage.<\/strong><\/p>\t\t\t\t\t<\/div>\n\t\t\t\t\t\t<\/div>\n\t\t\t\t<\/div>\n\t\t\t\t\t\t<\/div>\n\t\t\t\t\t<\/div>\n\t\t<\/div>\n\t\t\t\t<div class=\"elementor-column elementor-col-50 elementor-top-column elementor-element elementor-element-13a2bea\" data-id=\"13a2bea\" data-element_type=\"column\">\n\t\t\t<div class=\"elementor-column-wrap elementor-element-populated\">\n\t\t\t\t\t\t\t<div class=\"elementor-widget-wrap\">\n\t\t\t\t\t\t<div class=\"elementor-element elementor-element-27c9d6a elementor-widget elementor-widget-image\" data-id=\"27c9d6a\" data-element_type=\"widget\" data-widget_type=\"image.default\">\n\t\t\t\t<div class=\"elementor-widget-container\">\n\t\t\t\t\t\t\t\t<div class=\"elementor-image\">\n\t\t\t\t\t\t\t\t\t\t\t\t<img width=\"800\" height=\"534\" src=\"https:\/\/www.inbsys.fr\/institutionnel\/wp-content\/uploads\/2021\/04\/Travelport-New-Logo-1024x683.jpg\" class=\"attachment-large size-large\" alt=\"\" loading=\"lazy\" srcset=\"https:\/\/www.inbsys.fr\/institutionnel\/wp-content\/uploads\/2021\/04\/Travelport-New-Logo-1024x683.jpg 1024w, https:\/\/www.inbsys.fr\/institutionnel\/wp-content\/uploads\/2021\/04\/Travelport-New-Logo-300x200.jpg 300w, https:\/\/www.inbsys.fr\/institutionnel\/wp-content\/uploads\/2021\/04\/Travelport-New-Logo-768x512.jpg 768w, https:\/\/www.inbsys.fr\/institutionnel\/wp-content\/uploads\/2021\/04\/Travelport-New-Logo.jpg 1200w\" sizes=\"(max-width: 800px) 100vw, 800px\" \/>\t\t\t\t\t\t\t\t\t\t\t\t\t\t<\/div>\n\t\t\t\t\t\t<\/div>\n\t\t\t\t<\/div>\n\t\t\t\t<div class=\"elementor-element elementor-element-93c97f4 elementor-align-center elementor-widget elementor-widget-button\" data-id=\"93c97f4\" data-element_type=\"widget\" data-widget_type=\"button.default\">\n\t\t\t\t<div class=\"elementor-widget-container\">\n\t\t\t\t\t<div class=\"elementor-button-wrapper\">\n\t\t\t<a href=\"https:\/\/travelportmarketplace.com\/Product\/aTIBI-Travel-Insurance-----Booking-Interface\" target=\"_blank\" class=\"elementor-button-link elementor-button elementor-size-sm\" role=\"button\">\n\t\t\t\t\t\t<span class=\"elementor-button-content-wrapper\">\n\t\t\t\t\t\t<span class=\"elementor-button-text\">T\u00e9l\u00e9charger TiBi for Travelport Smartpoint<\/span>\n\t\t<\/span>\n\t\t\t\t\t<\/a>\n\t\t<\/div>\n\t\t\t\t<\/div>\n\t\t\t\t<\/div>\n\t\t\t\t<div class=\"elementor-element elementor-element-57d4aa0 elementor-align-center elementor-widget elementor-widget-button\" data-id=\"57d4aa0\" data-element_type=\"widget\" data-widget_type=\"button.default\">\n\t\t\t\t<div class=\"elementor-widget-container\">\n\t\t\t\t\t<div class=\"elementor-button-wrapper\">\n\t\t\t<a href=\"\/tibitravelport\/\" target=\"_blank\" class=\"elementor-button-link elementor-button elementor-size-sm\" role=\"button\">\n\t\t\t\t\t\t<span class=\"elementor-button-content-wrapper\">\n\t\t\t\t\t\t<span class=\"elementor-button-text\">T\u00e9l\u00e9chargez TiBi pour Travelport Smartpoint<\/span>\n\t\t<\/span>\n\t\t\t\t\t<\/a>\n\t\t<\/div>\n\t\t\t\t<\/div>\n\t\t\t\t<\/div>\n\t\t\t\t\t\t<\/div>\n\t\t\t\t\t<\/div>\n\t\t<\/div>\n\t\t\t\t\t\t\t\t<\/div>\n\t\t\t\t\t<\/div>\n\t\t<\/section>\n\t\t\t\t\t\t\t\t\t<\/div>\n\t\t\t<\/div>\n\t\t\t\t\t<\/div>\n\t\t","protected":false},"excerpt":{"rendered":"<p>Travel insurance booking interface TiBi est une app compl\u00e8tement int\u00e9gr\u00e9e \u00e0 Travelport Smartpoint Une fois que la compagnie d&rsquo;assurance est connect\u00e9e avec TiBi, alors son offre produit est disponible \u00e0 la vente instantan\u00e9ment sur Travelport Smartpoint pour les agences de voyage ! Plus d&#039;informations Le Workflow Tibi et l&rsquo;int\u00e9gration PNR La compagnie d&rsquo;assurance est h\u00e9berg\u00e9e [&hellip;]<\/p>\n","protected":false},"author":1,"featured_media":0,"parent":7927,"menu_order":0,"comment_status":"closed","ping_status":"closed","template":"template\/full-width-template.php","meta":[],"_links":{"self":[{"href":"https:\/\/www.inbsys.fr\/institutionnel\/fr\/wp-json\/wp\/v2\/pages\/7933"}],"collection":[{"href":"https:\/\/www.inbsys.fr\/institutionnel\/fr\/wp-json\/wp\/v2\/pages"}],"about":[{"href":"https:\/\/www.inbsys.fr\/institutionnel\/fr\/wp-json\/wp\/v2\/types\/page"}],"author":[{"embeddable":true,"href":"https:\/\/www.inbsys.fr\/institutionnel\/fr\/wp-json\/wp\/v2\/users\/1"}],"replies":[{"embeddable":true,"href":"https:\/\/www.inbsys.fr\/institutionnel\/fr\/wp-json\/wp\/v2\/comments?post=7933"}],"version-history":[{"count":60,"href":"https:\/\/www.inbsys.fr\/institutionnel\/fr\/wp-json\/wp\/v2\/pages\/7933\/revisions"}],"predecessor-version":[{"id":10705,"href":"https:\/\/www.inbsys.fr\/institutionnel\/fr\/wp-json\/wp\/v2\/pages\/7933\/revisions\/10705"}],"up":[{"embeddable":true,"href":"https:\/\/www.inbsys.fr\/institutionnel\/fr\/wp-json\/wp\/v2\/pages\/7927"}],"wp:attachment":[{"href":"https:\/\/www.inbsys.fr\/institutionnel\/fr\/wp-json\/wp\/v2\/media?parent=7933"}],"curies":[{"name":"wp","href":"https:\/\/api.w.org\/{rel}","templated":true}]}}