{"id":7931,"date":"2021-05-09T17:59:14","date_gmt":"2021-05-09T17:59:14","guid":{"rendered":"https:\/\/webtest01.inbsys.fr\/demo-institutionnel\/nos-technologies\/integration-complete-avec-le-gds\/tibi-pour-sabre-red-360\/"},"modified":"2021-11-06T14:03:49","modified_gmt":"2021-11-06T14:03:49","slug":"tibi-pour-sabre-red-360","status":"publish","type":"page","link":"https:\/\/www.inbsys.fr\/institutionnel\/fr\/nos-technologies\/integration-complete-avec-le-gds\/tibi-pour-sabre-red-360\/","title":{"rendered":"TiBi pour Sabre Red 360"},"content":{"rendered":"\t\t<div data-elementor-type=\"wp-page\" data-elementor-id=\"7931\" class=\"elementor elementor-7931\">\n\t\t\t\t\t\t<div class=\"elementor-inner\">\n\t\t\t\t<div class=\"elementor-section-wrap\">\n\t\t\t\t\t\t\t\t\t<section class=\"elementor-section elementor-top-section elementor-element elementor-element-29272d4 elementor-section-boxed elementor-section-height-default elementor-section-height-default\" data-id=\"29272d4\" data-element_type=\"section\">\n\t\t\t\t\t\t<div class=\"elementor-container elementor-column-gap-default\">\n\t\t\t\t\t\t\t<div class=\"elementor-row\">\n\t\t\t\t\t<div class=\"elementor-column elementor-col-100 elementor-top-column elementor-element elementor-element-508e284\" data-id=\"508e284\" data-element_type=\"column\">\n\t\t\t<div class=\"elementor-column-wrap elementor-element-populated\">\n\t\t\t\t\t\t\t<div class=\"elementor-widget-wrap\">\n\t\t\t\t\t\t<div class=\"elementor-element elementor-element-a4873f4 elementor-widget elementor-widget-spacer\" data-id=\"a4873f4\" data-element_type=\"widget\" data-widget_type=\"spacer.default\">\n\t\t\t\t<div class=\"elementor-widget-container\">\n\t\t\t\t\t<div class=\"elementor-spacer\">\n\t\t\t<div class=\"elementor-spacer-inner\"><\/div>\n\t\t<\/div>\n\t\t\t\t<\/div>\n\t\t\t\t<\/div>\n\t\t\t\t<div class=\"elementor-element elementor-element-8e6b3be elementor-widget elementor-widget-image\" data-id=\"8e6b3be\" data-element_type=\"widget\" data-widget_type=\"image.default\">\n\t\t\t\t<div class=\"elementor-widget-container\">\n\t\t\t\t\t\t\t\t<div class=\"elementor-image\">\n\t\t\t\t\t\t\t\t\t\t\t\t<img width=\"150\" height=\"150\" src=\"https:\/\/www.inbsys.fr\/institutionnel\/wp-content\/uploads\/2021\/05\/tibi_fls_200x200-150x150.jpg\" class=\"attachment-thumbnail size-thumbnail\" alt=\"\" loading=\"lazy\" srcset=\"https:\/\/www.inbsys.fr\/institutionnel\/wp-content\/uploads\/2021\/05\/tibi_fls_200x200-150x150.jpg 150w, https:\/\/www.inbsys.fr\/institutionnel\/wp-content\/uploads\/2021\/05\/tibi_fls_200x200.jpg 200w\" sizes=\"(max-width: 150px) 100vw, 150px\" \/>\t\t\t\t\t\t\t\t\t\t\t\t\t\t<\/div>\n\t\t\t\t\t\t<\/div>\n\t\t\t\t<\/div>\n\t\t\t\t<div class=\"elementor-element elementor-element-fca5524 elementor-widget elementor-widget-heading\" data-id=\"fca5524\" data-element_type=\"widget\" data-widget_type=\"heading.default\">\n\t\t\t\t<div class=\"elementor-widget-container\">\n\t\t\t<h1 class=\"elementor-heading-title elementor-size-default\">Travel insurance booking interface<\/h1>\t\t<\/div>\n\t\t\t\t<\/div>\n\t\t\t\t<div class=\"elementor-element elementor-element-0191eae elementor-widget elementor-widget-spacer\" data-id=\"0191eae\" data-element_type=\"widget\" data-widget_type=\"spacer.default\">\n\t\t\t\t<div class=\"elementor-widget-container\">\n\t\t\t\t\t<div class=\"elementor-spacer\">\n\t\t\t<div class=\"elementor-spacer-inner\"><\/div>\n\t\t<\/div>\n\t\t\t\t<\/div>\n\t\t\t\t<\/div>\n\t\t\t\t\t\t<\/div>\n\t\t\t\t\t<\/div>\n\t\t<\/div>\n\t\t\t\t\t\t\t\t<\/div>\n\t\t\t\t\t<\/div>\n\t\t<\/section>\n\t\t\t\t<section class=\"elementor-section elementor-top-section elementor-element elementor-element-41d6153 elementor-section-content-middle elementor-section-boxed elementor-section-height-default elementor-section-height-default\" data-id=\"41d6153\" data-element_type=\"section\" data-settings=\"{&quot;background_background&quot;:&quot;classic&quot;}\">\n\t\t\t\t\t\t<div class=\"elementor-container elementor-column-gap-default\">\n\t\t\t\t\t\t\t<div class=\"elementor-row\">\n\t\t\t\t\t<div class=\"elementor-column elementor-col-50 elementor-top-column elementor-element elementor-element-e4aab15\" data-id=\"e4aab15\" data-element_type=\"column\" data-settings=\"{&quot;background_background&quot;:&quot;classic&quot;}\">\n\t\t\t<div class=\"elementor-column-wrap elementor-element-populated\">\n\t\t\t\t\t\t\t<div class=\"elementor-widget-wrap\">\n\t\t\t\t\t\t<div class=\"elementor-element elementor-element-07003b4 border-image elementor-invisible elementor-widget elementor-widget-image\" data-id=\"07003b4\" data-element_type=\"widget\" data-settings=\"{&quot;_animation&quot;:&quot;fadeInUp&quot;,&quot;_animation_delay&quot;:450}\" data-widget_type=\"image.default\">\n\t\t\t\t<div class=\"elementor-widget-container\">\n\t\t\t\t\t\t\t\t<div class=\"elementor-image\">\n\t\t\t\t\t\t\t\t\t\t\t\t<img width=\"800\" height=\"668\" src=\"https:\/\/www.inbsys.fr\/institutionnel\/wp-content\/uploads\/2021\/04\/TRavel-agent-red-light-1024x855.jpg\" class=\"attachment-large size-large\" alt=\"\" loading=\"lazy\" srcset=\"https:\/\/www.inbsys.fr\/institutionnel\/wp-content\/uploads\/2021\/04\/TRavel-agent-red-light-1024x855.jpg 1024w, https:\/\/www.inbsys.fr\/institutionnel\/wp-content\/uploads\/2021\/04\/TRavel-agent-red-light-300x250.jpg 300w, https:\/\/www.inbsys.fr\/institutionnel\/wp-content\/uploads\/2021\/04\/TRavel-agent-red-light-768x641.jpg 768w, https:\/\/www.inbsys.fr\/institutionnel\/wp-content\/uploads\/2021\/04\/TRavel-agent-red-light.jpg 1344w\" sizes=\"(max-width: 800px) 100vw, 800px\" \/>\t\t\t\t\t\t\t\t\t\t\t\t\t\t<\/div>\n\t\t\t\t\t\t<\/div>\n\t\t\t\t<\/div>\n\t\t\t\t\t\t<\/div>\n\t\t\t\t\t<\/div>\n\t\t<\/div>\n\t\t\t\t<div class=\"elementor-column elementor-col-50 elementor-top-column elementor-element elementor-element-0fbb59d elementor-invisible\" data-id=\"0fbb59d\" data-element_type=\"column\" data-settings=\"{&quot;animation&quot;:&quot;fadeInUp&quot;,&quot;animation_delay&quot;:550}\">\n\t\t\t<div class=\"elementor-column-wrap elementor-element-populated\">\n\t\t\t\t\t\t\t<div class=\"elementor-widget-wrap\">\n\t\t\t\t\t\t<div class=\"elementor-element elementor-element-7e4e52e elementor-widget elementor-widget-instive-content-slider\" data-id=\"7e4e52e\" data-element_type=\"widget\" data-widget_type=\"instive-content-slider.default\">\n\t\t\t\t<div class=\"elementor-widget-container\">\n\t\t\t          \n    <div class=\"content-slider content-slider-two owl-carousel owl-theme\" data-controls=\"{&quot;show_nav&quot;:false,&quot;dot_nav_show&quot;:&quot;yes&quot;,&quot;auto_nav_slide&quot;:&quot;&quot;,&quot;ts_content_slider_speed&quot;:5000}\">\n                        \n                   \n                \n                    <div class=\"slide-item\">\n                            <div class=\"intro-wrap content-wrap\">\n                \n                            <h2 class=\"section-title\">\n                                \n                                TiBi est une web app compl\u00e8tement int\u00e9gr\u00e9e \u00e0 Sabre Red 360\n                            <\/h2>\n\n                            <p>\n                                Une fois que la compagnie d'assurance est connect\u00e9e avec TiBi, alors son offre produit est disponible \u00e0 la vente instantan\u00e9ment sur Sabre Red 360 pour les agences de voyage !                            <\/p>\n                                                           <div class=\"button-area\">\n                                    <a href=\"\/institutionnel\/fr\/nous-contacter\/\" class=\"btn btn-primary\"><i class=\"tsicon tsicon-button_icon03\"><\/i> Plus d&#039;informations <\/a>\n                               <\/div>\n                              \n                            <\/div>\n                        <\/div>\n                                        <\/div>\n        \t\t<\/div>\n\t\t\t\t<\/div>\n\t\t\t\t\t\t<\/div>\n\t\t\t\t\t<\/div>\n\t\t<\/div>\n\t\t\t\t\t\t\t\t<\/div>\n\t\t\t\t\t<\/div>\n\t\t<\/section>\n\t\t\t\t<section class=\"elementor-section elementor-top-section elementor-element elementor-element-4f40f90 elementor-section-boxed elementor-section-height-default elementor-section-height-default\" data-id=\"4f40f90\" data-element_type=\"section\">\n\t\t\t\t\t\t<div class=\"elementor-container elementor-column-gap-default\">\n\t\t\t\t\t\t\t<div class=\"elementor-row\">\n\t\t\t\t\t<div class=\"elementor-column elementor-col-100 elementor-top-column elementor-element elementor-element-62f9f51\" data-id=\"62f9f51\" data-element_type=\"column\">\n\t\t\t<div class=\"elementor-column-wrap elementor-element-populated\">\n\t\t\t\t\t\t\t<div class=\"elementor-widget-wrap\">\n\t\t\t\t\t\t<div class=\"elementor-element elementor-element-efd80d8 elementor-aspect-ratio-169 elementor-widget elementor-widget-video\" data-id=\"efd80d8\" data-element_type=\"widget\" data-settings=\"{&quot;youtube_url&quot;:&quot;https:\\\/\\\/youtu.be\\\/25xzG7FYMWE&quot;,&quot;video_type&quot;:&quot;youtube&quot;,&quot;controls&quot;:&quot;yes&quot;,&quot;aspect_ratio&quot;:&quot;169&quot;}\" data-widget_type=\"video.default\">\n\t\t\t\t<div class=\"elementor-widget-container\">\n\t\t\t\t\t<div class=\"elementor-wrapper elementor-fit-aspect-ratio elementor-open-inline\">\n\t\t\t<div class=\"elementor-video\"><\/div>\t\t<\/div>\n\t\t\t\t<\/div>\n\t\t\t\t<\/div>\n\t\t\t\t\t\t<\/div>\n\t\t\t\t\t<\/div>\n\t\t<\/div>\n\t\t\t\t\t\t\t\t<\/div>\n\t\t\t\t\t<\/div>\n\t\t<\/section>\n\t\t\t\t<section class=\"elementor-section elementor-top-section elementor-element elementor-element-70314de elementor-section-boxed elementor-section-height-default elementor-section-height-default\" data-id=\"70314de\" data-element_type=\"section\">\n\t\t\t\t\t\t<div class=\"elementor-container elementor-column-gap-default\">\n\t\t\t\t\t\t\t<div class=\"elementor-row\">\n\t\t\t\t\t<div class=\"elementor-column elementor-col-50 elementor-top-column elementor-element elementor-element-bb2f7f8\" data-id=\"bb2f7f8\" data-element_type=\"column\">\n\t\t\t<div class=\"elementor-column-wrap elementor-element-populated\">\n\t\t\t\t\t\t\t<div class=\"elementor-widget-wrap\">\n\t\t\t\t\t\t<div class=\"elementor-element elementor-element-011b3e3 elementor-widget elementor-widget-heading\" data-id=\"011b3e3\" data-element_type=\"widget\" data-widget_type=\"heading.default\">\n\t\t\t\t<div class=\"elementor-widget-container\">\n\t\t\t<h2 class=\"elementor-heading-title elementor-size-default\">Le Workflow Tibi et l'int\u00e9gration du PNR<\/h2>\t\t<\/div>\n\t\t\t\t<\/div>\n\t\t\t\t<div class=\"elementor-element elementor-element-be0bd23 elementor-widget elementor-widget-text-editor\" data-id=\"be0bd23\" data-element_type=\"widget\" data-widget_type=\"text-editor.default\">\n\t\t\t\t<div class=\"elementor-widget-container\">\n\t\t\t\t\t\t\t\t<div class=\"elementor-text-editor elementor-clearfix\">\n\t\t\t\t<p>La compagnie d&rsquo;assurance est h\u00e9berg\u00e9e ou connect\u00e9e \u00e0 TiBi via son API. Les produits d&rsquo;assurance sont pr\u00e9sent\u00e9s \u00e0 l&rsquo;agent de voyage dans Sabre Red 360 via TiBi. Les produits et ses conditions g\u00e9n\u00e9rales sont ainsi instantan\u00e9ment disponibles \u00e0 la vente avec l&rsquo;int\u00e9gration du PNR.<\/p><p>Les workflows inclus dans TiBi : Tarification, Souscription, Distribution, Dashboarding &amp; Rapports de vente, Accr\u00e9ditation des agences de voyages et calcul des commissions.<\/p>\t\t\t\t\t<\/div>\n\t\t\t\t\t\t<\/div>\n\t\t\t\t<\/div>\n\t\t\t\t<div class=\"elementor-element elementor-element-085efbf elementor-widget elementor-widget-text-editor\" data-id=\"085efbf\" data-element_type=\"widget\" data-widget_type=\"text-editor.default\">\n\t\t\t\t<div class=\"elementor-widget-container\">\n\t\t\t\t\t\t\t\t<div class=\"elementor-text-editor elementor-clearfix\">\n\t\t\t\t<p><strong>Les informations cl\u00e9s du voyage sont directement extraites du PNR et le segment assurance est stock\u00e9 dans le back office de l&rsquo;agence de voyage.<\/strong><\/p>\t\t\t\t\t<\/div>\n\t\t\t\t\t\t<\/div>\n\t\t\t\t<\/div>\n\t\t\t\t\t\t<\/div>\n\t\t\t\t\t<\/div>\n\t\t<\/div>\n\t\t\t\t<div class=\"elementor-column elementor-col-50 elementor-top-column elementor-element elementor-element-4829a27\" data-id=\"4829a27\" data-element_type=\"column\">\n\t\t\t<div class=\"elementor-column-wrap elementor-element-populated\">\n\t\t\t\t\t\t\t<div class=\"elementor-widget-wrap\">\n\t\t\t\t\t\t<div class=\"elementor-element elementor-element-694beef elementor-widget elementor-widget-image\" data-id=\"694beef\" data-element_type=\"widget\" data-widget_type=\"image.default\">\n\t\t\t\t<div class=\"elementor-widget-container\">\n\t\t\t\t\t\t\t\t<div class=\"elementor-image\">\n\t\t\t\t\t\t\t\t\t\t\t\t<img width=\"366\" height=\"357\" src=\"https:\/\/www.inbsys.fr\/institutionnel\/wp-content\/uploads\/2021\/04\/Sabre-Red-360.png\" class=\"attachment-large size-large\" alt=\"\" loading=\"lazy\" srcset=\"https:\/\/www.inbsys.fr\/institutionnel\/wp-content\/uploads\/2021\/04\/Sabre-Red-360.png 366w, https:\/\/www.inbsys.fr\/institutionnel\/wp-content\/uploads\/2021\/04\/Sabre-Red-360-300x293.png 300w\" sizes=\"(max-width: 366px) 100vw, 366px\" \/>\t\t\t\t\t\t\t\t\t\t\t\t\t\t<\/div>\n\t\t\t\t\t\t<\/div>\n\t\t\t\t<\/div>\n\t\t\t\t<div class=\"elementor-element elementor-element-c32dde7 elementor-align-center elementor-widget elementor-widget-button\" data-id=\"c32dde7\" data-element_type=\"widget\" data-widget_type=\"button.default\">\n\t\t\t\t<div class=\"elementor-widget-container\">\n\t\t\t\t\t<div class=\"elementor-button-wrapper\">\n\t\t\t<a href=\"https:\/\/www.sabreredappcentre.sabre.com\/apps\/TIBI--Travel-Insurance-Booking-Interface\" target=\"_blank\" class=\"elementor-button-link elementor-button elementor-size-sm\" role=\"button\">\n\t\t\t\t\t\t<span class=\"elementor-button-content-wrapper\">\n\t\t\t\t\t\t<span class=\"elementor-button-text\">T\u00e9l\u00e9charger TiBi Sabre Red App<\/span>\n\t\t<\/span>\n\t\t\t\t\t<\/a>\n\t\t<\/div>\n\t\t\t\t<\/div>\n\t\t\t\t<\/div>\n\t\t\t\t\t\t<\/div>\n\t\t\t\t\t<\/div>\n\t\t<\/div>\n\t\t\t\t\t\t\t\t<\/div>\n\t\t\t\t\t<\/div>\n\t\t<\/section>\n\t\t\t\t\t\t\t\t\t<\/div>\n\t\t\t<\/div>\n\t\t\t\t\t<\/div>\n\t\t","protected":false},"excerpt":{"rendered":"<p>Travel insurance booking interface TiBi est une web app compl\u00e8tement int\u00e9gr\u00e9e \u00e0 Sabre Red 360 Une fois que la compagnie d&rsquo;assurance est connect\u00e9e avec TiBi, alors son offre produit est disponible \u00e0 la vente instantan\u00e9ment sur Sabre Red 360 pour les agences de voyage ! Plus d&#039;informations Le Workflow Tibi et l&rsquo;int\u00e9gration du PNR La [&hellip;]<\/p>\n","protected":false},"author":1,"featured_media":0,"parent":7927,"menu_order":0,"comment_status":"closed","ping_status":"closed","template":"template\/full-width-template.php","meta":[],"_links":{"self":[{"href":"https:\/\/www.inbsys.fr\/institutionnel\/fr\/wp-json\/wp\/v2\/pages\/7931"}],"collection":[{"href":"https:\/\/www.inbsys.fr\/institutionnel\/fr\/wp-json\/wp\/v2\/pages"}],"about":[{"href":"https:\/\/www.inbsys.fr\/institutionnel\/fr\/wp-json\/wp\/v2\/types\/page"}],"author":[{"embeddable":true,"href":"https:\/\/www.inbsys.fr\/institutionnel\/fr\/wp-json\/wp\/v2\/users\/1"}],"replies":[{"embeddable":true,"href":"https:\/\/www.inbsys.fr\/institutionnel\/fr\/wp-json\/wp\/v2\/comments?post=7931"}],"version-history":[{"count":64,"href":"https:\/\/www.inbsys.fr\/institutionnel\/fr\/wp-json\/wp\/v2\/pages\/7931\/revisions"}],"predecessor-version":[{"id":11077,"href":"https:\/\/www.inbsys.fr\/institutionnel\/fr\/wp-json\/wp\/v2\/pages\/7931\/revisions\/11077"}],"up":[{"embeddable":true,"href":"https:\/\/www.inbsys.fr\/institutionnel\/fr\/wp-json\/wp\/v2\/pages\/7927"}],"wp:attachment":[{"href":"https:\/\/www.inbsys.fr\/institutionnel\/fr\/wp-json\/wp\/v2\/media?parent=7931"}],"curies":[{"name":"wp","href":"https:\/\/api.w.org\/{rel}","templated":true}]}}