{"id":7929,"date":"2021-05-09T17:56:42","date_gmt":"2021-05-09T17:56:42","guid":{"rendered":"https:\/\/webtest01.inbsys.fr\/demo-institutionnel\/nos-technologies\/integration-complete-avec-le-gds\/a-ta-pour-amadeus\/"},"modified":"2021-11-06T13:56:32","modified_gmt":"2021-11-06T13:56:32","slug":"a-ta-pour-amadeus","status":"publish","type":"page","link":"https:\/\/www.inbsys.fr\/institutionnel\/fr\/nos-technologies\/integration-complete-avec-le-gds\/a-ta-pour-amadeus\/","title":{"rendered":"A-TA pour Amadeus"},"content":{"rendered":"\t\t<div data-elementor-type=\"wp-page\" data-elementor-id=\"7929\" class=\"elementor elementor-7929\">\n\t\t\t\t\t\t<div class=\"elementor-inner\">\n\t\t\t\t<div class=\"elementor-section-wrap\">\n\t\t\t\t\t\t\t\t\t<section class=\"elementor-section elementor-top-section elementor-element elementor-element-095fa95 elementor-section-boxed elementor-section-height-default elementor-section-height-default\" data-id=\"095fa95\" data-element_type=\"section\">\n\t\t\t\t\t\t<div class=\"elementor-container elementor-column-gap-default\">\n\t\t\t\t\t\t\t<div class=\"elementor-row\">\n\t\t\t\t\t<div class=\"elementor-column elementor-col-100 elementor-top-column elementor-element elementor-element-ec7388d\" data-id=\"ec7388d\" data-element_type=\"column\">\n\t\t\t<div class=\"elementor-column-wrap elementor-element-populated\">\n\t\t\t\t\t\t\t<div class=\"elementor-widget-wrap\">\n\t\t\t\t\t\t<div class=\"elementor-element elementor-element-2f63b34 elementor-widget elementor-widget-image\" data-id=\"2f63b34\" data-element_type=\"widget\" data-widget_type=\"image.default\">\n\t\t\t\t<div class=\"elementor-widget-container\">\n\t\t\t\t\t\t\t\t<div class=\"elementor-image\">\n\t\t\t\t\t\t\t\t\t\t\t\t<img width=\"150\" height=\"150\" src=\"https:\/\/www.inbsys.fr\/institutionnel\/wp-content\/uploads\/2021\/04\/Logo-ATA-color-2-150x150.png\" class=\"attachment-thumbnail size-thumbnail\" alt=\"\" loading=\"lazy\" srcset=\"https:\/\/www.inbsys.fr\/institutionnel\/wp-content\/uploads\/2021\/04\/Logo-ATA-color-2-150x150.png 150w, https:\/\/www.inbsys.fr\/institutionnel\/wp-content\/uploads\/2021\/04\/Logo-ATA-color-2-300x300.png 300w, https:\/\/www.inbsys.fr\/institutionnel\/wp-content\/uploads\/2021\/04\/Logo-ATA-color-2.png 512w\" sizes=\"(max-width: 150px) 100vw, 150px\" \/>\t\t\t\t\t\t\t\t\t\t\t\t\t\t<\/div>\n\t\t\t\t\t\t<\/div>\n\t\t\t\t<\/div>\n\t\t\t\t<div class=\"elementor-element elementor-element-a474fc8 elementor-widget elementor-widget-heading\" data-id=\"a474fc8\" data-element_type=\"widget\" data-widget_type=\"heading.default\">\n\t\t\t\t<div class=\"elementor-widget-container\">\n\t\t\t<h1 class=\"elementor-heading-title elementor-size-default\">AMADEUS TRAVEL ASSISTANCE<\/h1>\t\t<\/div>\n\t\t\t\t<\/div>\n\t\t\t\t<div class=\"elementor-element elementor-element-db0c752 elementor-widget elementor-widget-spacer\" data-id=\"db0c752\" data-element_type=\"widget\" data-widget_type=\"spacer.default\">\n\t\t\t\t<div class=\"elementor-widget-container\">\n\t\t\t\t\t<div class=\"elementor-spacer\">\n\t\t\t<div class=\"elementor-spacer-inner\"><\/div>\n\t\t<\/div>\n\t\t\t\t<\/div>\n\t\t\t\t<\/div>\n\t\t\t\t\t\t<\/div>\n\t\t\t\t\t<\/div>\n\t\t<\/div>\n\t\t\t\t\t\t\t\t<\/div>\n\t\t\t\t\t<\/div>\n\t\t<\/section>\n\t\t\t\t<section class=\"elementor-section elementor-top-section elementor-element elementor-element-299f090 elementor-section-content-middle elementor-section-boxed elementor-section-height-default elementor-section-height-default\" data-id=\"299f090\" data-element_type=\"section\" data-settings=\"{&quot;background_background&quot;:&quot;classic&quot;}\">\n\t\t\t\t\t\t<div class=\"elementor-container elementor-column-gap-default\">\n\t\t\t\t\t\t\t<div class=\"elementor-row\">\n\t\t\t\t\t<div class=\"elementor-column elementor-col-50 elementor-top-column elementor-element elementor-element-dc36fd7\" data-id=\"dc36fd7\" data-element_type=\"column\" data-settings=\"{&quot;background_background&quot;:&quot;classic&quot;}\">\n\t\t\t<div class=\"elementor-column-wrap elementor-element-populated\">\n\t\t\t\t\t\t\t<div class=\"elementor-widget-wrap\">\n\t\t\t\t\t\t<div class=\"elementor-element elementor-element-907888c border-image elementor-invisible elementor-widget elementor-widget-image\" data-id=\"907888c\" data-element_type=\"widget\" data-settings=\"{&quot;_animation&quot;:&quot;fadeInUp&quot;,&quot;_animation_delay&quot;:450}\" data-widget_type=\"image.default\">\n\t\t\t\t<div class=\"elementor-widget-container\">\n\t\t\t\t\t\t\t\t<div class=\"elementor-image\">\n\t\t\t\t\t\t\t\t\t\t\t\t<img width=\"542\" height=\"486\" src=\"https:\/\/www.inbsys.fr\/institutionnel\/wp-content\/uploads\/2021\/04\/ATA-squared.png\" class=\"attachment-large size-large\" alt=\"\" loading=\"lazy\" srcset=\"https:\/\/www.inbsys.fr\/institutionnel\/wp-content\/uploads\/2021\/04\/ATA-squared.png 542w, https:\/\/www.inbsys.fr\/institutionnel\/wp-content\/uploads\/2021\/04\/ATA-squared-300x269.png 300w\" sizes=\"(max-width: 542px) 100vw, 542px\" \/>\t\t\t\t\t\t\t\t\t\t\t\t\t\t<\/div>\n\t\t\t\t\t\t<\/div>\n\t\t\t\t<\/div>\n\t\t\t\t\t\t<\/div>\n\t\t\t\t\t<\/div>\n\t\t<\/div>\n\t\t\t\t<div class=\"elementor-column elementor-col-50 elementor-top-column elementor-element elementor-element-887dc18 elementor-invisible\" data-id=\"887dc18\" data-element_type=\"column\" data-settings=\"{&quot;animation&quot;:&quot;fadeInUp&quot;,&quot;animation_delay&quot;:550}\">\n\t\t\t<div class=\"elementor-column-wrap elementor-element-populated\">\n\t\t\t\t\t\t\t<div class=\"elementor-widget-wrap\">\n\t\t\t\t\t\t<div class=\"elementor-element elementor-element-ef2231e elementor-widget elementor-widget-instive-content-slider\" data-id=\"ef2231e\" data-element_type=\"widget\" data-widget_type=\"instive-content-slider.default\">\n\t\t\t\t<div class=\"elementor-widget-container\">\n\t\t\t          \n    <div class=\"content-slider content-slider-two owl-carousel owl-theme\" data-controls=\"{&quot;show_nav&quot;:false,&quot;dot_nav_show&quot;:&quot;yes&quot;,&quot;auto_nav_slide&quot;:&quot;&quot;,&quot;ts_content_slider_speed&quot;:5000}\">\n                        \n                   \n                \n                    <div class=\"slide-item\">\n                            <div class=\"intro-wrap content-wrap\">\n                \n                            <h2 class=\"section-title\">\n                                \n                                Amadeus Travel Assistance est une Web app pour le B2B &amp; B2C\n                            <\/h2>\n\n                            <p>\n                                Une fois que la compagnie d'assurance est connect\u00e9e \u00e0 A-TA, son offre produit peut \u00eatre disponible \u00e0 la vente simultan\u00e9ment sur tous les canaux de distribution d'Amadeus : B2B, B2B en ligne, B2C !                            <\/p>\n                                                           <div class=\"button-area\">\n                                    <a href=\"\/institutionnel\/fr\/nous-contacter\/\" class=\"btn btn-primary\"><i class=\"tsicon tsicon-button_icon03\"><\/i> Plus d&#039;informations <\/a>\n                               <\/div>\n                              \n                            <\/div>\n                        <\/div>\n                                        <\/div>\n        \t\t<\/div>\n\t\t\t\t<\/div>\n\t\t\t\t\t\t<\/div>\n\t\t\t\t\t<\/div>\n\t\t<\/div>\n\t\t\t\t\t\t\t\t<\/div>\n\t\t\t\t\t<\/div>\n\t\t<\/section>\n\t\t\t\t<section class=\"elementor-section elementor-top-section elementor-element elementor-element-565c185 elementor-section-boxed elementor-section-height-default elementor-section-height-default\" data-id=\"565c185\" data-element_type=\"section\">\n\t\t\t\t\t\t<div class=\"elementor-container elementor-column-gap-default\">\n\t\t\t\t\t\t\t<div class=\"elementor-row\">\n\t\t\t\t\t<div class=\"elementor-column elementor-col-100 elementor-top-column elementor-element elementor-element-381060d\" data-id=\"381060d\" data-element_type=\"column\">\n\t\t\t<div class=\"elementor-column-wrap elementor-element-populated\">\n\t\t\t\t\t\t\t<div class=\"elementor-widget-wrap\">\n\t\t\t\t\t\t<div class=\"elementor-element elementor-element-c25ff7b elementor-widget elementor-widget-spacer\" data-id=\"c25ff7b\" data-element_type=\"widget\" data-widget_type=\"spacer.default\">\n\t\t\t\t<div class=\"elementor-widget-container\">\n\t\t\t\t\t<div class=\"elementor-spacer\">\n\t\t\t<div class=\"elementor-spacer-inner\"><\/div>\n\t\t<\/div>\n\t\t\t\t<\/div>\n\t\t\t\t<\/div>\n\t\t\t\t<div class=\"elementor-element elementor-element-b27841b elementor-widget elementor-widget-heading\" data-id=\"b27841b\" data-element_type=\"widget\" data-widget_type=\"heading.default\">\n\t\t\t\t<div class=\"elementor-widget-container\">\n\t\t\t<h2 class=\"elementor-heading-title elementor-size-default\">Ecrans A-TA Amadeus<\/h2>\t\t<\/div>\n\t\t\t\t<\/div>\n\t\t\t\t\t\t<\/div>\n\t\t\t\t\t<\/div>\n\t\t<\/div>\n\t\t\t\t\t\t\t\t<\/div>\n\t\t\t\t\t<\/div>\n\t\t<\/section>\n\t\t\t\t<section class=\"elementor-section elementor-top-section elementor-element elementor-element-2032d04 elementor-section-boxed elementor-section-height-default elementor-section-height-default\" data-id=\"2032d04\" data-element_type=\"section\">\n\t\t\t\t\t\t<div class=\"elementor-container elementor-column-gap-default\">\n\t\t\t\t\t\t\t<div class=\"elementor-row\">\n\t\t\t\t\t<div class=\"elementor-column elementor-col-100 elementor-top-column elementor-element elementor-element-e9ebdf7\" data-id=\"e9ebdf7\" data-element_type=\"column\">\n\t\t\t<div class=\"elementor-column-wrap elementor-element-populated\">\n\t\t\t\t\t\t\t<div class=\"elementor-widget-wrap\">\n\t\t\t\t\t\t<div class=\"elementor-element elementor-element-a6cbf2d elementor-widget elementor-widget-heading\" data-id=\"a6cbf2d\" data-element_type=\"widget\" data-widget_type=\"heading.default\">\n\t\t\t\t<div class=\"elementor-widget-container\">\n\t\t\t<h3 class=\"elementor-heading-title elementor-size-default\">Mode Graphique<\/h3>\t\t<\/div>\n\t\t\t\t<\/div>\n\t\t\t\t<div class=\"elementor-element elementor-element-6cb3524 elementor-widget elementor-widget-image\" data-id=\"6cb3524\" data-element_type=\"widget\" data-widget_type=\"image.default\">\n\t\t\t\t<div class=\"elementor-widget-container\">\n\t\t\t\t\t\t\t\t<div class=\"elementor-image\">\n\t\t\t\t\t\t\t\t\t\t\t\t<img width=\"800\" height=\"511\" src=\"https:\/\/www.inbsys.fr\/institutionnel\/wp-content\/uploads\/2021\/09\/ATA-Amadeus-Graphic-Mode-1024x654.png\" class=\"attachment-large size-large\" alt=\"\" loading=\"lazy\" srcset=\"https:\/\/www.inbsys.fr\/institutionnel\/wp-content\/uploads\/2021\/09\/ATA-Amadeus-Graphic-Mode-1024x654.png 1024w, https:\/\/www.inbsys.fr\/institutionnel\/wp-content\/uploads\/2021\/09\/ATA-Amadeus-Graphic-Mode-300x192.png 300w, https:\/\/www.inbsys.fr\/institutionnel\/wp-content\/uploads\/2021\/09\/ATA-Amadeus-Graphic-Mode-768x490.png 768w, https:\/\/www.inbsys.fr\/institutionnel\/wp-content\/uploads\/2021\/09\/ATA-Amadeus-Graphic-Mode-1536x981.png 1536w, https:\/\/www.inbsys.fr\/institutionnel\/wp-content\/uploads\/2021\/09\/ATA-Amadeus-Graphic-Mode.png 1762w\" sizes=\"(max-width: 800px) 100vw, 800px\" \/>\t\t\t\t\t\t\t\t\t\t\t\t\t\t<\/div>\n\t\t\t\t\t\t<\/div>\n\t\t\t\t<\/div>\n\t\t\t\t\t\t<\/div>\n\t\t\t\t\t<\/div>\n\t\t<\/div>\n\t\t\t\t\t\t\t\t<\/div>\n\t\t\t\t\t<\/div>\n\t\t<\/section>\n\t\t\t\t<section class=\"elementor-section elementor-top-section elementor-element elementor-element-cf6590a elementor-section-boxed elementor-section-height-default elementor-section-height-default\" data-id=\"cf6590a\" data-element_type=\"section\">\n\t\t\t\t\t\t<div class=\"elementor-container elementor-column-gap-default\">\n\t\t\t\t\t\t\t<div class=\"elementor-row\">\n\t\t\t\t\t<div class=\"elementor-column elementor-col-100 elementor-top-column elementor-element elementor-element-bfea236\" data-id=\"bfea236\" data-element_type=\"column\">\n\t\t\t<div class=\"elementor-column-wrap elementor-element-populated\">\n\t\t\t\t\t\t\t<div class=\"elementor-widget-wrap\">\n\t\t\t\t\t\t<div class=\"elementor-element elementor-element-ff4628f elementor-widget elementor-widget-heading\" data-id=\"ff4628f\" data-element_type=\"widget\" data-widget_type=\"heading.default\">\n\t\t\t\t<div class=\"elementor-widget-container\">\n\t\t\t<h3 class=\"elementor-heading-title elementor-size-default\">Mode CRYPTIQUE<\/h3>\t\t<\/div>\n\t\t\t\t<\/div>\n\t\t\t\t<div class=\"elementor-element elementor-element-b6d4060 elementor-widget elementor-widget-image\" data-id=\"b6d4060\" data-element_type=\"widget\" data-widget_type=\"image.default\">\n\t\t\t\t<div class=\"elementor-widget-container\">\n\t\t\t\t\t\t\t\t<div class=\"elementor-image\">\n\t\t\t\t\t\t\t\t\t\t\t\t<img width=\"800\" height=\"467\" src=\"https:\/\/www.inbsys.fr\/institutionnel\/wp-content\/uploads\/2021\/09\/ATA-Amadeus-Cryptic-Mode-1024x598.png\" class=\"attachment-large size-large\" alt=\"\" loading=\"lazy\" srcset=\"https:\/\/www.inbsys.fr\/institutionnel\/wp-content\/uploads\/2021\/09\/ATA-Amadeus-Cryptic-Mode-1024x598.png 1024w, https:\/\/www.inbsys.fr\/institutionnel\/wp-content\/uploads\/2021\/09\/ATA-Amadeus-Cryptic-Mode-300x175.png 300w, https:\/\/www.inbsys.fr\/institutionnel\/wp-content\/uploads\/2021\/09\/ATA-Amadeus-Cryptic-Mode-768x449.png 768w, https:\/\/www.inbsys.fr\/institutionnel\/wp-content\/uploads\/2021\/09\/ATA-Amadeus-Cryptic-Mode.png 1232w\" sizes=\"(max-width: 800px) 100vw, 800px\" \/>\t\t\t\t\t\t\t\t\t\t\t\t\t\t<\/div>\n\t\t\t\t\t\t<\/div>\n\t\t\t\t<\/div>\n\t\t\t\t\t\t<\/div>\n\t\t\t\t\t<\/div>\n\t\t<\/div>\n\t\t\t\t\t\t\t\t<\/div>\n\t\t\t\t\t<\/div>\n\t\t<\/section>\n\t\t\t\t<section class=\"elementor-section elementor-top-section elementor-element elementor-element-a43d07b elementor-section-boxed elementor-section-height-default elementor-section-height-default\" data-id=\"a43d07b\" data-element_type=\"section\">\n\t\t\t\t\t\t<div class=\"elementor-container elementor-column-gap-default\">\n\t\t\t\t\t\t\t<div class=\"elementor-row\">\n\t\t\t\t\t<div class=\"elementor-column elementor-col-100 elementor-top-column elementor-element elementor-element-3ad4ed3\" data-id=\"3ad4ed3\" data-element_type=\"column\">\n\t\t\t<div class=\"elementor-column-wrap elementor-element-populated\">\n\t\t\t\t\t\t\t<div class=\"elementor-widget-wrap\">\n\t\t\t\t\t\t<div class=\"elementor-element elementor-element-7de02dc elementor-widget elementor-widget-heading\" data-id=\"7de02dc\" data-element_type=\"widget\" data-widget_type=\"heading.default\">\n\t\t\t\t<div class=\"elementor-widget-container\">\n\t\t\t<h3 class=\"elementor-heading-title elementor-size-large\">AIRLINE<\/h3>\t\t<\/div>\n\t\t\t\t<\/div>\n\t\t\t\t<div class=\"elementor-element elementor-element-84df2b8 elementor-widget elementor-widget-image\" data-id=\"84df2b8\" data-element_type=\"widget\" data-widget_type=\"image.default\">\n\t\t\t\t<div class=\"elementor-widget-container\">\n\t\t\t\t\t\t\t\t<div class=\"elementor-image\">\n\t\t\t\t\t\t\t\t\t\t\t\t<img width=\"800\" height=\"468\" src=\"https:\/\/www.inbsys.fr\/institutionnel\/wp-content\/uploads\/2021\/09\/ATA-Amadeus-Airline-1024x599.png\" class=\"attachment-large size-large\" alt=\"\" loading=\"lazy\" srcset=\"https:\/\/www.inbsys.fr\/institutionnel\/wp-content\/uploads\/2021\/09\/ATA-Amadeus-Airline-1024x599.png 1024w, https:\/\/www.inbsys.fr\/institutionnel\/wp-content\/uploads\/2021\/09\/ATA-Amadeus-Airline-300x175.png 300w, https:\/\/www.inbsys.fr\/institutionnel\/wp-content\/uploads\/2021\/09\/ATA-Amadeus-Airline-768x449.png 768w, https:\/\/www.inbsys.fr\/institutionnel\/wp-content\/uploads\/2021\/09\/ATA-Amadeus-Airline-1536x899.png 1536w, https:\/\/www.inbsys.fr\/institutionnel\/wp-content\/uploads\/2021\/09\/ATA-Amadeus-Airline-2048x1198.png 2048w\" sizes=\"(max-width: 800px) 100vw, 800px\" \/>\t\t\t\t\t\t\t\t\t\t\t\t\t\t<\/div>\n\t\t\t\t\t\t<\/div>\n\t\t\t\t<\/div>\n\t\t\t\t\t\t<\/div>\n\t\t\t\t\t<\/div>\n\t\t<\/div>\n\t\t\t\t\t\t\t\t<\/div>\n\t\t\t\t\t<\/div>\n\t\t<\/section>\n\t\t\t\t<section class=\"elementor-section elementor-top-section elementor-element elementor-element-029a09a elementor-section-boxed elementor-section-height-default elementor-section-height-default\" data-id=\"029a09a\" data-element_type=\"section\">\n\t\t\t\t\t\t<div class=\"elementor-container elementor-column-gap-default\">\n\t\t\t\t\t\t\t<div class=\"elementor-row\">\n\t\t\t\t\t<div class=\"elementor-column elementor-col-100 elementor-top-column elementor-element elementor-element-41330d6\" data-id=\"41330d6\" data-element_type=\"column\">\n\t\t\t<div class=\"elementor-column-wrap elementor-element-populated\">\n\t\t\t\t\t\t\t<div class=\"elementor-widget-wrap\">\n\t\t\t\t\t\t<div class=\"elementor-element elementor-element-645c982 elementor-widget elementor-widget-spacer\" data-id=\"645c982\" data-element_type=\"widget\" data-widget_type=\"spacer.default\">\n\t\t\t\t<div class=\"elementor-widget-container\">\n\t\t\t\t\t<div class=\"elementor-spacer\">\n\t\t\t<div class=\"elementor-spacer-inner\"><\/div>\n\t\t<\/div>\n\t\t\t\t<\/div>\n\t\t\t\t<\/div>\n\t\t\t\t<div class=\"elementor-element elementor-element-2fe6e93 elementor-widget elementor-widget-heading\" data-id=\"2fe6e93\" data-element_type=\"widget\" data-widget_type=\"heading.default\">\n\t\t\t\t<div class=\"elementor-widget-container\">\n\t\t\t<h2 class=\"elementor-heading-title elementor-size-default\">A-TA Workflow et int\u00e9gration du PNR<\/h2>\t\t<\/div>\n\t\t\t\t<\/div>\n\t\t\t\t<div class=\"elementor-element elementor-element-7adc1a3 elementor-widget elementor-widget-text-editor\" data-id=\"7adc1a3\" data-element_type=\"widget\" data-widget_type=\"text-editor.default\">\n\t\t\t\t<div class=\"elementor-widget-container\">\n\t\t\t\t\t\t\t\t<div class=\"elementor-text-editor elementor-clearfix\">\n\t\t\t\t<p><strong>La compagnie d&rsquo;assurance est h\u00e9berg\u00e9e ou connect\u00e9e avec son API \u00e0 A-TA. Ses produits d&rsquo;assurances sont <b>instantan\u00e9ment pr\u00e9sent\u00e9s <\/b>\u00e0 l&rsquo;agent de voyage, l&rsquo;OTA ou la Airline <b> connect\u00e9s au syst\u00e8me Amadeus<\/b>. Tous<\/strong> l<b>es workflows de Tarification, Souscription, Distribution, Dashboarding &amp; Rapports de ventes sont inclus. <\/b><b style=\"color: var( --e-global-color-text );\">Les produits et ses conditions g\u00e9n\u00e9rales sont ainsi instantan\u00e9ment disponibles \u00e0 la vente <strong><b> avec l&rsquo;int\u00e9gration du PNR<\/b><\/strong>.<\/b><\/p>\t\t\t\t\t<\/div>\n\t\t\t\t\t\t<\/div>\n\t\t\t\t<\/div>\n\t\t\t\t\t\t<\/div>\n\t\t\t\t\t<\/div>\n\t\t<\/div>\n\t\t\t\t\t\t\t\t<\/div>\n\t\t\t\t\t<\/div>\n\t\t<\/section>\n\t\t\t\t<section class=\"elementor-section elementor-top-section elementor-element elementor-element-a0dda09 elementor-section-boxed elementor-section-height-default elementor-section-height-default elementor-invisible\" data-id=\"a0dda09\" data-element_type=\"section\" data-settings=\"{&quot;animation&quot;:&quot;fadeInRight&quot;}\">\n\t\t\t\t\t\t<div class=\"elementor-container elementor-column-gap-default\">\n\t\t\t\t\t\t\t<div class=\"elementor-row\">\n\t\t\t\t\t<div class=\"elementor-column elementor-col-33 elementor-top-column elementor-element elementor-element-af34db3\" data-id=\"af34db3\" data-element_type=\"column\">\n\t\t\t<div class=\"elementor-column-wrap elementor-element-populated\">\n\t\t\t\t\t\t\t<div class=\"elementor-widget-wrap\">\n\t\t\t\t\t\t<div class=\"elementor-element elementor-element-1106122 elementor-widget elementor-widget-image\" data-id=\"1106122\" data-element_type=\"widget\" data-widget_type=\"image.default\">\n\t\t\t\t<div class=\"elementor-widget-container\">\n\t\t\t\t\t\t\t\t<div class=\"elementor-image\">\n\t\t\t\t\t\t\t\t\t\t\t\t<img width=\"350\" height=\"250\" src=\"https:\/\/www.inbsys.fr\/institutionnel\/wp-content\/uploads\/2021\/04\/Takeoff-350x250.jpg\" class=\"attachment-instive-small size-instive-small\" alt=\"\" loading=\"lazy\" \/>\t\t\t\t\t\t\t\t\t\t\t\t\t\t<\/div>\n\t\t\t\t\t\t<\/div>\n\t\t\t\t<\/div>\n\t\t\t\t<div class=\"elementor-element elementor-element-09d1a00 elementor-widget elementor-widget-heading\" data-id=\"09d1a00\" data-element_type=\"widget\" data-widget_type=\"heading.default\">\n\t\t\t\t<div class=\"elementor-widget-container\">\n\t\t\t<h2 class=\"elementor-heading-title elementor-size-default\">Compagnies a\u00e9riennes<\/h2>\t\t<\/div>\n\t\t\t\t<\/div>\n\t\t\t\t<div class=\"elementor-element elementor-element-3f378f3 elementor-widget elementor-widget-text-editor\" data-id=\"3f378f3\" data-element_type=\"widget\" data-widget_type=\"text-editor.default\">\n\t\t\t\t<div class=\"elementor-widget-container\">\n\t\t\t\t\t\t\t\t<div class=\"elementor-text-editor elementor-clearfix\">\n\t\t\t\t<h6>Tout le contenu assurance est disponible en temps r\u00e9el sur le syst\u00e8me Amadeus.<\/h6>\n\t\t\t\t\t<\/div>\n\t\t\t\t\t\t<\/div>\n\t\t\t\t<\/div>\n\t\t\t\t\t\t<\/div>\n\t\t\t\t\t<\/div>\n\t\t<\/div>\n\t\t\t\t<div class=\"elementor-column elementor-col-33 elementor-top-column elementor-element elementor-element-0218ee6\" data-id=\"0218ee6\" data-element_type=\"column\">\n\t\t\t<div class=\"elementor-column-wrap elementor-element-populated\">\n\t\t\t\t\t\t\t<div class=\"elementor-widget-wrap\">\n\t\t\t\t\t\t<div class=\"elementor-element elementor-element-fb5f283 elementor-widget elementor-widget-image\" data-id=\"fb5f283\" data-element_type=\"widget\" data-widget_type=\"image.default\">\n\t\t\t\t<div class=\"elementor-widget-container\">\n\t\t\t\t\t\t\t\t<div class=\"elementor-image\">\n\t\t\t\t\t\t\t\t\t\t\t\t<img width=\"350\" height=\"250\" src=\"https:\/\/www.inbsys.fr\/institutionnel\/wp-content\/uploads\/2021\/04\/TRavel-agent-sun-350x250.jpg\" class=\"attachment-instive-small size-instive-small\" alt=\"\" loading=\"lazy\" \/>\t\t\t\t\t\t\t\t\t\t\t\t\t\t<\/div>\n\t\t\t\t\t\t<\/div>\n\t\t\t\t<\/div>\n\t\t\t\t<div class=\"elementor-element elementor-element-3b5d2c0 elementor-widget elementor-widget-heading\" data-id=\"3b5d2c0\" data-element_type=\"widget\" data-widget_type=\"heading.default\">\n\t\t\t\t<div class=\"elementor-widget-container\">\n\t\t\t<h2 class=\"elementor-heading-title elementor-size-default\">Agences Online<\/h2>\t\t<\/div>\n\t\t\t\t<\/div>\n\t\t\t\t<div class=\"elementor-element elementor-element-4c8100e elementor-widget elementor-widget-text-editor\" data-id=\"4c8100e\" data-element_type=\"widget\" data-widget_type=\"text-editor.default\">\n\t\t\t\t<div class=\"elementor-widget-container\">\n\t\t\t\t\t\t\t\t<div class=\"elementor-text-editor elementor-clearfix\">\n\t\t\t\t<h6>Les agences de voyages Online connect\u00e9es au syst\u00e8me Amadeus r\u00e9cup\u00e8rent tout le contenu assurance de leur compagnie d&rsquo;assurance.<\/h6>\t\t\t\t\t<\/div>\n\t\t\t\t\t\t<\/div>\n\t\t\t\t<\/div>\n\t\t\t\t\t\t<\/div>\n\t\t\t\t\t<\/div>\n\t\t<\/div>\n\t\t\t\t<div class=\"elementor-column elementor-col-33 elementor-top-column elementor-element elementor-element-4d0bbc7\" data-id=\"4d0bbc7\" data-element_type=\"column\">\n\t\t\t<div class=\"elementor-column-wrap elementor-element-populated\">\n\t\t\t\t\t\t\t<div class=\"elementor-widget-wrap\">\n\t\t\t\t\t\t<div class=\"elementor-element elementor-element-2cde098 elementor-widget elementor-widget-image\" data-id=\"2cde098\" data-element_type=\"widget\" data-widget_type=\"image.default\">\n\t\t\t\t<div class=\"elementor-widget-container\">\n\t\t\t\t\t\t\t\t<div class=\"elementor-image\">\n\t\t\t\t\t\t\t\t\t\t\t\t<img width=\"350\" height=\"250\" src=\"https:\/\/www.inbsys.fr\/institutionnel\/wp-content\/uploads\/2021\/04\/TRavel-Agent-light-19201080-350x250.jpg\" class=\"attachment-instive-small size-instive-small\" alt=\"\" loading=\"lazy\" \/>\t\t\t\t\t\t\t\t\t\t\t\t\t\t<\/div>\n\t\t\t\t\t\t<\/div>\n\t\t\t\t<\/div>\n\t\t\t\t<div class=\"elementor-element elementor-element-4329ec8 elementor-widget elementor-widget-heading\" data-id=\"4329ec8\" data-element_type=\"widget\" data-widget_type=\"heading.default\">\n\t\t\t\t<div class=\"elementor-widget-container\">\n\t\t\t<h2 class=\"elementor-heading-title elementor-size-default\">agences de voyage<\/h2>\t\t<\/div>\n\t\t\t\t<\/div>\n\t\t\t\t<div class=\"elementor-element elementor-element-f820045 elementor-widget elementor-widget-text-editor\" data-id=\"f820045\" data-element_type=\"widget\" data-widget_type=\"text-editor.default\">\n\t\t\t\t<div class=\"elementor-widget-container\">\n\t\t\t\t\t\t\t\t<div class=\"elementor-text-editor elementor-clearfix\">\n\t\t\t\t<h6>L&rsquo;agent de voyage peut souscrire directement l&rsquo;assurance sur Amadeus, que ce soit en mode graphique ou cryptique !<\/h6>\t\t\t\t\t<\/div>\n\t\t\t\t\t\t<\/div>\n\t\t\t\t<\/div>\n\t\t\t\t\t\t<\/div>\n\t\t\t\t\t<\/div>\n\t\t<\/div>\n\t\t\t\t\t\t\t\t<\/div>\n\t\t\t\t\t<\/div>\n\t\t<\/section>\n\t\t\t\t\t\t\t\t\t<\/div>\n\t\t\t<\/div>\n\t\t\t\t\t<\/div>\n\t\t","protected":false},"excerpt":{"rendered":"<p>AMADEUS TRAVEL ASSISTANCE Amadeus Travel Assistance est une Web app pour le B2B &amp; B2C Une fois que la compagnie d&rsquo;assurance est connect\u00e9e \u00e0 A-TA, son offre produit peut \u00eatre disponible \u00e0 la vente simultan\u00e9ment sur tous les canaux de distribution d&rsquo;Amadeus : B2B, B2B en ligne, B2C ! Plus d&#039;informations Ecrans A-TA Amadeus Mode [&hellip;]<\/p>\n","protected":false},"author":1,"featured_media":0,"parent":7927,"menu_order":0,"comment_status":"closed","ping_status":"closed","template":"template\/full-width-template.php","meta":[],"_links":{"self":[{"href":"https:\/\/www.inbsys.fr\/institutionnel\/fr\/wp-json\/wp\/v2\/pages\/7929"}],"collection":[{"href":"https:\/\/www.inbsys.fr\/institutionnel\/fr\/wp-json\/wp\/v2\/pages"}],"about":[{"href":"https:\/\/www.inbsys.fr\/institutionnel\/fr\/wp-json\/wp\/v2\/types\/page"}],"author":[{"embeddable":true,"href":"https:\/\/www.inbsys.fr\/institutionnel\/fr\/wp-json\/wp\/v2\/users\/1"}],"replies":[{"embeddable":true,"href":"https:\/\/www.inbsys.fr\/institutionnel\/fr\/wp-json\/wp\/v2\/comments?post=7929"}],"version-history":[{"count":95,"href":"https:\/\/www.inbsys.fr\/institutionnel\/fr\/wp-json\/wp\/v2\/pages\/7929\/revisions"}],"predecessor-version":[{"id":11062,"href":"https:\/\/www.inbsys.fr\/institutionnel\/fr\/wp-json\/wp\/v2\/pages\/7929\/revisions\/11062"}],"up":[{"embeddable":true,"href":"https:\/\/www.inbsys.fr\/institutionnel\/fr\/wp-json\/wp\/v2\/pages\/7927"}],"wp:attachment":[{"href":"https:\/\/www.inbsys.fr\/institutionnel\/fr\/wp-json\/wp\/v2\/media?parent=7929"}],"curies":[{"name":"wp","href":"https:\/\/api.w.org\/{rel}","templated":true}]}}