{"id":7911,"date":"2021-05-09T17:20:46","date_gmt":"2021-05-09T17:20:46","guid":{"rendered":"https:\/\/webtest01.inbsys.fr\/demo-institutionnel\/nos-partenaires\/gds\/amadeus\/"},"modified":"2021-11-06T16:05:14","modified_gmt":"2021-11-06T16:05:14","slug":"amadeus","status":"publish","type":"page","link":"https:\/\/www.inbsys.fr\/institutionnel\/fr\/nos-partenaires\/gds\/amadeus\/","title":{"rendered":"Amadeus"},"content":{"rendered":"\t\t<div data-elementor-type=\"wp-page\" data-elementor-id=\"7911\" class=\"elementor elementor-7911\">\n\t\t\t\t\t\t<div class=\"elementor-inner\">\n\t\t\t\t<div class=\"elementor-section-wrap\">\n\t\t\t\t\t\t\t\t\t<section class=\"elementor-section elementor-top-section elementor-element elementor-element-8c8079e elementor-section-boxed elementor-section-height-default elementor-section-height-default\" data-id=\"8c8079e\" data-element_type=\"section\">\n\t\t\t\t\t\t<div class=\"elementor-container elementor-column-gap-default\">\n\t\t\t\t\t\t\t<div class=\"elementor-row\">\n\t\t\t\t\t<div class=\"elementor-column elementor-col-100 elementor-top-column elementor-element elementor-element-1912e43\" data-id=\"1912e43\" data-element_type=\"column\">\n\t\t\t<div class=\"elementor-column-wrap elementor-element-populated\">\n\t\t\t\t\t\t\t<div class=\"elementor-widget-wrap\">\n\t\t\t\t\t\t<div class=\"elementor-element elementor-element-a004dfa elementor-widget elementor-widget-image\" data-id=\"a004dfa\" data-element_type=\"widget\" data-widget_type=\"image.default\">\n\t\t\t\t<div class=\"elementor-widget-container\">\n\t\t\t\t\t\t\t\t<div class=\"elementor-image\">\n\t\t\t\t\t\t\t\t\t\t\t\t<img width=\"512\" height=\"115\" src=\"https:\/\/www.inbsys.fr\/institutionnel\/wp-content\/uploads\/2021\/04\/Amadeus-Travel.png\" class=\"attachment-large size-large\" alt=\"\" loading=\"lazy\" srcset=\"https:\/\/www.inbsys.fr\/institutionnel\/wp-content\/uploads\/2021\/04\/Amadeus-Travel.png 512w, https:\/\/www.inbsys.fr\/institutionnel\/wp-content\/uploads\/2021\/04\/Amadeus-Travel-300x67.png 300w\" sizes=\"(max-width: 512px) 100vw, 512px\" \/>\t\t\t\t\t\t\t\t\t\t\t\t\t\t<\/div>\n\t\t\t\t\t\t<\/div>\n\t\t\t\t<\/div>\n\t\t\t\t<div class=\"elementor-element elementor-element-7c432f4 elementor-widget elementor-widget-heading\" data-id=\"7c432f4\" data-element_type=\"widget\" data-widget_type=\"heading.default\">\n\t\t\t\t<div class=\"elementor-widget-container\">\n\t\t\t<h2 class=\"elementor-heading-title elementor-size-default\">Inbsys et Amadeus ont une longue histoire ensemble !<\/h2>\t\t<\/div>\n\t\t\t\t<\/div>\n\t\t\t\t<div class=\"elementor-element elementor-element-0aa1a6a elementor-widget elementor-widget-text-editor\" data-id=\"0aa1a6a\" data-element_type=\"widget\" data-widget_type=\"text-editor.default\">\n\t\t\t\t<div class=\"elementor-widget-container\">\n\t\t\t\t\t\t\t\t<div class=\"elementor-text-editor elementor-clearfix\">\n\t\t\t\t<p>INBSYS A \u00c9T\u00c9 LE 1er SYST\u00c8ME DE SOUSCRIPTION D&rsquo;ASSURANCE VOYAGE CONNECTE A AMADEUS, CONNU SOUS LE NOM DE WINGS EN 1998 !<\/p>\t\t\t\t\t<\/div>\n\t\t\t\t\t\t<\/div>\n\t\t\t\t<\/div>\n\t\t\t\t<div class=\"elementor-element elementor-element-507973a elementor-widget elementor-widget-spacer\" data-id=\"507973a\" data-element_type=\"widget\" data-widget_type=\"spacer.default\">\n\t\t\t\t<div class=\"elementor-widget-container\">\n\t\t\t\t\t<div class=\"elementor-spacer\">\n\t\t\t<div class=\"elementor-spacer-inner\"><\/div>\n\t\t<\/div>\n\t\t\t\t<\/div>\n\t\t\t\t<\/div>\n\t\t\t\t<div class=\"elementor-element elementor-element-30a56ee elementor-widget elementor-widget-text-editor\" data-id=\"30a56ee\" data-element_type=\"widget\" data-widget_type=\"text-editor.default\">\n\t\t\t\t<div class=\"elementor-widget-container\">\n\t\t\t\t\t\t\t\t<div class=\"elementor-text-editor elementor-clearfix\">\n\t\t\t\t<p>Amadeus et Inbsys ont mis en place une solution d&rsquo;assurance sp\u00e9cifique en 2020 via la web app<strong> A-TA<\/strong> qui permet aux compagnies d&rsquo;assurance de se connecter \u00e0 la plateforme Amadeus <strong>en quelques semaines.<\/strong><\/p>\t\t\t\t\t<\/div>\n\t\t\t\t\t\t<\/div>\n\t\t\t\t<\/div>\n\t\t\t\t\t\t<\/div>\n\t\t\t\t\t<\/div>\n\t\t<\/div>\n\t\t\t\t\t\t\t\t<\/div>\n\t\t\t\t\t<\/div>\n\t\t<\/section>\n\t\t\t\t<section class=\"elementor-section elementor-top-section elementor-element elementor-element-6a47901 elementor-section-boxed elementor-section-height-default elementor-section-height-default\" data-id=\"6a47901\" data-element_type=\"section\">\n\t\t\t\t\t\t<div class=\"elementor-container elementor-column-gap-default\">\n\t\t\t\t\t\t\t<div class=\"elementor-row\">\n\t\t\t\t\t<div class=\"elementor-column elementor-col-50 elementor-top-column elementor-element elementor-element-8bf4562\" data-id=\"8bf4562\" data-element_type=\"column\">\n\t\t\t<div class=\"elementor-column-wrap elementor-element-populated\">\n\t\t\t\t\t\t\t<div class=\"elementor-widget-wrap\">\n\t\t\t\t\t\t<div class=\"elementor-element elementor-element-71b8727 elementor-widget elementor-widget-image\" data-id=\"71b8727\" data-element_type=\"widget\" data-widget_type=\"image.default\">\n\t\t\t\t<div class=\"elementor-widget-container\">\n\t\t\t\t\t\t\t\t<div class=\"elementor-image\">\n\t\t\t\t\t\t\t\t\t\t\t\t<img width=\"300\" height=\"300\" src=\"https:\/\/www.inbsys.fr\/institutionnel\/wp-content\/uploads\/2021\/04\/Logo-ATA-color-2-300x300.png\" class=\"attachment-medium size-medium\" alt=\"\" loading=\"lazy\" srcset=\"https:\/\/www.inbsys.fr\/institutionnel\/wp-content\/uploads\/2021\/04\/Logo-ATA-color-2-300x300.png 300w, https:\/\/www.inbsys.fr\/institutionnel\/wp-content\/uploads\/2021\/04\/Logo-ATA-color-2-150x150.png 150w, https:\/\/www.inbsys.fr\/institutionnel\/wp-content\/uploads\/2021\/04\/Logo-ATA-color-2.png 512w\" sizes=\"(max-width: 300px) 100vw, 300px\" \/>\t\t\t\t\t\t\t\t\t\t\t\t\t\t<\/div>\n\t\t\t\t\t\t<\/div>\n\t\t\t\t<\/div>\n\t\t\t\t\t\t<\/div>\n\t\t\t\t\t<\/div>\n\t\t<\/div>\n\t\t\t\t<div class=\"elementor-column elementor-col-50 elementor-top-column elementor-element elementor-element-a25fa48\" data-id=\"a25fa48\" data-element_type=\"column\">\n\t\t\t<div class=\"elementor-column-wrap elementor-element-populated\">\n\t\t\t\t\t\t\t<div class=\"elementor-widget-wrap\">\n\t\t\t\t\t\t<div class=\"elementor-element elementor-element-92c2063 elementor-widget elementor-widget-text-editor\" data-id=\"92c2063\" data-element_type=\"widget\" data-widget_type=\"text-editor.default\">\n\t\t\t\t<div class=\"elementor-widget-container\">\n\t\t\t\t\t\t\t\t<div class=\"elementor-text-editor elementor-clearfix\">\n\t\t\t\t<p>Les compagnies d&rsquo;assurance ont un <strong>acc\u00e8s en temps r\u00e9el<\/strong> \u00e0 <strong>tous les canaux de distribution d&rsquo;Amadeus<\/strong> :<\/p>\n<ul>\n<li>Compagnies a\u00e9riennes,<\/li>\n<li>Agences de voyage<\/li>\n<li>Agences de voyages en ligne.<\/li>\n<\/ul>\n\t\t\t\t\t<\/div>\n\t\t\t\t\t\t<\/div>\n\t\t\t\t<\/div>\n\t\t\t\t<div class=\"elementor-element elementor-element-63c760a elementor-widget elementor-widget-spacer\" data-id=\"63c760a\" data-element_type=\"widget\" data-widget_type=\"spacer.default\">\n\t\t\t\t<div class=\"elementor-widget-container\">\n\t\t\t\t\t<div class=\"elementor-spacer\">\n\t\t\t<div class=\"elementor-spacer-inner\"><\/div>\n\t\t<\/div>\n\t\t\t\t<\/div>\n\t\t\t\t<\/div>\n\t\t\t\t<div class=\"elementor-element elementor-element-51dcac6 elementor-button-info elementor-align-left elementor-widget elementor-widget-button\" data-id=\"51dcac6\" data-element_type=\"widget\" data-widget_type=\"button.default\">\n\t\t\t\t<div class=\"elementor-widget-container\">\n\t\t\t\t\t<div class=\"elementor-button-wrapper\">\n\t\t\t<a href=\"\/institutionnel\/fr\/nos-technologies\/integration-complete-avec-le-gds\/a-ta-pour-amadeus\/\" target=\"_blank\" class=\"elementor-button-link elementor-button elementor-size-sm\" role=\"button\">\n\t\t\t\t\t\t<span class=\"elementor-button-content-wrapper\">\n\t\t\t\t\t\t<span class=\"elementor-button-text\">Plus d'infos<\/span>\n\t\t<\/span>\n\t\t\t\t\t<\/a>\n\t\t<\/div>\n\t\t\t\t<\/div>\n\t\t\t\t<\/div>\n\t\t\t\t\t\t<\/div>\n\t\t\t\t\t<\/div>\n\t\t<\/div>\n\t\t\t\t\t\t\t\t<\/div>\n\t\t\t\t\t<\/div>\n\t\t<\/section>\n\t\t\t\t<section class=\"elementor-section elementor-top-section elementor-element elementor-element-8a614ab elementor-section-boxed elementor-section-height-default elementor-section-height-default\" data-id=\"8a614ab\" data-element_type=\"section\">\n\t\t\t\t\t\t<div class=\"elementor-container elementor-column-gap-default\">\n\t\t\t\t\t\t\t<div class=\"elementor-row\">\n\t\t\t\t\t<div class=\"elementor-column elementor-col-100 elementor-top-column elementor-element elementor-element-d0306b2\" data-id=\"d0306b2\" data-element_type=\"column\">\n\t\t\t<div class=\"elementor-column-wrap elementor-element-populated\">\n\t\t\t\t\t\t\t<div class=\"elementor-widget-wrap\">\n\t\t\t\t\t\t<div class=\"elementor-element elementor-element-afa732e elementor-widget elementor-widget-spacer\" data-id=\"afa732e\" data-element_type=\"widget\" data-widget_type=\"spacer.default\">\n\t\t\t\t<div class=\"elementor-widget-container\">\n\t\t\t\t\t<div class=\"elementor-spacer\">\n\t\t\t<div class=\"elementor-spacer-inner\"><\/div>\n\t\t<\/div>\n\t\t\t\t<\/div>\n\t\t\t\t<\/div>\n\t\t\t\t<div class=\"elementor-element elementor-element-4a25bb1 elementor-widget elementor-widget-image\" data-id=\"4a25bb1\" data-element_type=\"widget\" data-widget_type=\"image.default\">\n\t\t\t\t<div class=\"elementor-widget-container\">\n\t\t\t\t\t\t\t\t<div class=\"elementor-image\">\n\t\t\t\t\t\t\t\t\t\t\t\t<img width=\"300\" height=\"67\" src=\"https:\/\/www.inbsys.fr\/institutionnel\/wp-content\/uploads\/2021\/04\/Amadeus-Travel-300x67.png\" class=\"attachment-medium size-medium\" alt=\"\" loading=\"lazy\" srcset=\"https:\/\/www.inbsys.fr\/institutionnel\/wp-content\/uploads\/2021\/04\/Amadeus-Travel-300x67.png 300w, https:\/\/www.inbsys.fr\/institutionnel\/wp-content\/uploads\/2021\/04\/Amadeus-Travel.png 512w\" sizes=\"(max-width: 300px) 100vw, 300px\" \/>\t\t\t\t\t\t\t\t\t\t\t\t\t\t<\/div>\n\t\t\t\t\t\t<\/div>\n\t\t\t\t<\/div>\n\t\t\t\t<div class=\"elementor-element elementor-element-6c6e47e elementor-widget elementor-widget-text-editor\" data-id=\"6c6e47e\" data-element_type=\"widget\" data-widget_type=\"text-editor.default\">\n\t\t\t\t<div class=\"elementor-widget-container\">\n\t\t\t\t\t\t\t\t<div class=\"elementor-text-editor elementor-clearfix\">\n\t\t\t\t<p>Amadeus aide l&rsquo;industrie du voyage \u00e0 se connecter \u00e0 l&rsquo;\u00e9cosyst\u00e8me du voyage, ce qui signifie de nouvelles opportunit\u00e9s de voyage d&rsquo;affaires qui peuvent faire cro\u00eetre votre entreprise &#8211; et celle de vos partenaires de voyage.<\/p>\n\t\t\t\t\t<\/div>\n\t\t\t\t\t\t<\/div>\n\t\t\t\t<\/div>\n\t\t\t\t<div class=\"elementor-element elementor-element-d839a3d elementor-widget elementor-widget-text-editor\" data-id=\"d839a3d\" data-element_type=\"widget\" data-widget_type=\"text-editor.default\">\n\t\t\t\t<div class=\"elementor-widget-container\">\n\t\t\t\t\t\t\t\t<div class=\"elementor-text-editor elementor-clearfix\">\n\t\t\t\t<p>Amadeus construit les solutions qui aident les compagnies a\u00e9riennes et les a\u00e9roports, les h\u00f4tels et les chemins de fer, les moteurs de recherche, les agences de voyage, les voyagistes et am\u00e9liorent l&rsquo;exp\u00e9rience de voyage, des milliards de fois par an, dans le monde entier.<\/p>\n<p>Amadeus le fait depuis plus de 30 ans, et ne fait que commencer. Innover. Nous travaillons avec nos clients et nos partenaires pour offrir des voyages meilleurs et plus gratifiants. Nous sommes \u00e0 la pointe de l&rsquo;industrie pour fa\u00e7onner un meilleur avenir pour le voyage.<\/p>\n\t\t\t\t\t<\/div>\n\t\t\t\t\t\t<\/div>\n\t\t\t\t<\/div>\n\t\t\t\t<div class=\"elementor-element elementor-element-59f863a elementor-button-info elementor-align-center elementor-widget elementor-widget-button\" data-id=\"59f863a\" data-element_type=\"widget\" data-widget_type=\"button.default\">\n\t\t\t\t<div class=\"elementor-widget-container\">\n\t\t\t\t\t<div class=\"elementor-button-wrapper\">\n\t\t\t<a href=\"https:\/\/amadeus.com\/en\" target=\"_blank\" class=\"elementor-button-link elementor-button elementor-size-md\" role=\"button\">\n\t\t\t\t\t\t<span class=\"elementor-button-content-wrapper\">\n\t\t\t\t\t\t<span class=\"elementor-button-text\">Site web d'Amadeus<\/span>\n\t\t<\/span>\n\t\t\t\t\t<\/a>\n\t\t<\/div>\n\t\t\t\t<\/div>\n\t\t\t\t<\/div>\n\t\t\t\t\t\t<\/div>\n\t\t\t\t\t<\/div>\n\t\t<\/div>\n\t\t\t\t\t\t\t\t<\/div>\n\t\t\t\t\t<\/div>\n\t\t<\/section>\n\t\t\t\t\t\t\t\t\t<\/div>\n\t\t\t<\/div>\n\t\t\t\t\t<\/div>\n\t\t","protected":false},"excerpt":{"rendered":"<p>Inbsys et Amadeus ont une longue histoire ensemble ! INBSYS A \u00c9T\u00c9 LE 1er SYST\u00c8ME DE SOUSCRIPTION D&rsquo;ASSURANCE VOYAGE CONNECTE A AMADEUS, CONNU SOUS LE NOM DE WINGS EN 1998 ! Amadeus et Inbsys ont mis en place une solution d&rsquo;assurance sp\u00e9cifique en 2020 via la web app A-TA qui permet aux compagnies d&rsquo;assurance de [&hellip;]<\/p>\n","protected":false},"author":1,"featured_media":0,"parent":7909,"menu_order":0,"comment_status":"closed","ping_status":"closed","template":"template\/full-width-template.php","meta":[],"_links":{"self":[{"href":"https:\/\/www.inbsys.fr\/institutionnel\/fr\/wp-json\/wp\/v2\/pages\/7911"}],"collection":[{"href":"https:\/\/www.inbsys.fr\/institutionnel\/fr\/wp-json\/wp\/v2\/pages"}],"about":[{"href":"https:\/\/www.inbsys.fr\/institutionnel\/fr\/wp-json\/wp\/v2\/types\/page"}],"author":[{"embeddable":true,"href":"https:\/\/www.inbsys.fr\/institutionnel\/fr\/wp-json\/wp\/v2\/users\/1"}],"replies":[{"embeddable":true,"href":"https:\/\/www.inbsys.fr\/institutionnel\/fr\/wp-json\/wp\/v2\/comments?post=7911"}],"version-history":[{"count":30,"href":"https:\/\/www.inbsys.fr\/institutionnel\/fr\/wp-json\/wp\/v2\/pages\/7911\/revisions"}],"predecessor-version":[{"id":11185,"href":"https:\/\/www.inbsys.fr\/institutionnel\/fr\/wp-json\/wp\/v2\/pages\/7911\/revisions\/11185"}],"up":[{"embeddable":true,"href":"https:\/\/www.inbsys.fr\/institutionnel\/fr\/wp-json\/wp\/v2\/pages\/7909"}],"wp:attachment":[{"href":"https:\/\/www.inbsys.fr\/institutionnel\/fr\/wp-json\/wp\/v2\/media?parent=7911"}],"curies":[{"name":"wp","href":"https:\/\/api.w.org\/{rel}","templated":true}]}}