{"id":7909,"date":"2021-05-09T17:17:25","date_gmt":"2021-05-09T17:17:25","guid":{"rendered":"https:\/\/webtest01.inbsys.fr\/demo-institutionnel\/nos-partenaires\/gds\/"},"modified":"2021-11-02T19:33:40","modified_gmt":"2021-11-02T19:33:40","slug":"gds","status":"publish","type":"page","link":"https:\/\/www.inbsys.fr\/institutionnel\/fr\/nos-partenaires\/gds\/","title":{"rendered":"GDS"},"content":{"rendered":"\t\t<div data-elementor-type=\"wp-page\" data-elementor-id=\"7909\" class=\"elementor elementor-7909\">\n\t\t\t\t\t\t<div class=\"elementor-inner\">\n\t\t\t\t<div class=\"elementor-section-wrap\">\n\t\t\t\t\t\t\t\t\t<section class=\"elementor-section elementor-top-section elementor-element elementor-element-5151a38 elementor-section-boxed elementor-section-height-default elementor-section-height-default\" data-id=\"5151a38\" data-element_type=\"section\">\n\t\t\t\t\t\t<div class=\"elementor-container elementor-column-gap-default\">\n\t\t\t\t\t\t\t<div class=\"elementor-row\">\n\t\t\t\t\t<div class=\"elementor-column elementor-col-100 elementor-top-column elementor-element elementor-element-00f457a\" data-id=\"00f457a\" data-element_type=\"column\">\n\t\t\t<div class=\"elementor-column-wrap elementor-element-populated\">\n\t\t\t\t\t\t\t<div class=\"elementor-widget-wrap\">\n\t\t\t\t\t\t<div class=\"elementor-element elementor-element-39eee09 elementor-widget elementor-widget-spacer\" data-id=\"39eee09\" data-element_type=\"widget\" data-widget_type=\"spacer.default\">\n\t\t\t\t<div class=\"elementor-widget-container\">\n\t\t\t\t\t<div class=\"elementor-spacer\">\n\t\t\t<div class=\"elementor-spacer-inner\"><\/div>\n\t\t<\/div>\n\t\t\t\t<\/div>\n\t\t\t\t<\/div>\n\t\t\t\t<div class=\"elementor-element elementor-element-7415104 elementor-widget elementor-widget-heading\" data-id=\"7415104\" data-element_type=\"widget\" data-widget_type=\"heading.default\">\n\t\t\t\t<div class=\"elementor-widget-container\">\n\t\t\t<h1 class=\"elementor-heading-title elementor-size-default\">Les 3 plus grands GDS font confiance \u00e0 Inbsys<\/h1>\t\t<\/div>\n\t\t\t\t<\/div>\n\t\t\t\t<div class=\"elementor-element elementor-element-d96c132 elementor-widget-divider--view-line elementor-widget elementor-widget-divider\" data-id=\"d96c132\" data-element_type=\"widget\" data-widget_type=\"divider.default\">\n\t\t\t\t<div class=\"elementor-widget-container\">\n\t\t\t\t\t<div class=\"elementor-divider\">\n\t\t\t<span class=\"elementor-divider-separator\">\n\t\t\t\t\t\t<\/span>\n\t\t<\/div>\n\t\t\t\t<\/div>\n\t\t\t\t<\/div>\n\t\t\t\t<div class=\"elementor-element elementor-element-bb33e8b elementor-widget elementor-widget-text-editor\" data-id=\"bb33e8b\" data-element_type=\"widget\" data-widget_type=\"text-editor.default\">\n\t\t\t\t<div class=\"elementor-widget-container\">\n\t\t\t\t\t\t\t\t<div class=\"elementor-text-editor elementor-clearfix\">\n\t\t\t\t<p>Les GDS sont nos partenaires pour offrir la meilleure exp\u00e9rience de souscription d&rsquo;assurance voyage aux agents de voyage. Inbsys a d\u00e9velopp\u00e9 une solution d&rsquo;assurance compl\u00e9tement int\u00e9gr\u00e9e \u00e0 chaque plateforme GDS avec tous les workflows d&rsquo;assurance voyage certifi\u00e9s par chacun d&rsquo;eux.<\/p>\t\t\t\t\t<\/div>\n\t\t\t\t\t\t<\/div>\n\t\t\t\t<\/div>\n\t\t\t\t<div class=\"elementor-element elementor-element-bfee3ca elementor-widget elementor-widget-text-editor\" data-id=\"bfee3ca\" data-element_type=\"widget\" data-widget_type=\"text-editor.default\">\n\t\t\t\t<div class=\"elementor-widget-container\">\n\t\t\t\t\t\t\t\t<div class=\"elementor-text-editor elementor-clearfix\">\n\t\t\t\t<p>Disponible dans +180 pays gr\u00e2ce \u00e0 notre application d&rsquo;assurance voyage int\u00e9gr\u00e9e aux GDS. Notre technologie est op\u00e9rationnelle quelle que soit la devise.<\/p>\t\t\t\t\t<\/div>\n\t\t\t\t\t\t<\/div>\n\t\t\t\t<\/div>\n\t\t\t\t<div class=\"elementor-element elementor-element-8772083 elementor-widget elementor-widget-spacer\" data-id=\"8772083\" data-element_type=\"widget\" data-widget_type=\"spacer.default\">\n\t\t\t\t<div class=\"elementor-widget-container\">\n\t\t\t\t\t<div class=\"elementor-spacer\">\n\t\t\t<div class=\"elementor-spacer-inner\"><\/div>\n\t\t<\/div>\n\t\t\t\t<\/div>\n\t\t\t\t<\/div>\n\t\t\t\t\t\t<\/div>\n\t\t\t\t\t<\/div>\n\t\t<\/div>\n\t\t\t\t\t\t\t\t<\/div>\n\t\t\t\t\t<\/div>\n\t\t<\/section>\n\t\t\t\t<section class=\"elementor-section elementor-top-section elementor-element elementor-element-76423e2 elementor-section-boxed elementor-section-height-default elementor-section-height-default\" data-id=\"76423e2\" data-element_type=\"section\">\n\t\t\t\t\t\t<div class=\"elementor-container elementor-column-gap-default\">\n\t\t\t\t\t\t\t<div class=\"elementor-row\">\n\t\t\t\t\t<div class=\"elementor-column elementor-col-33 elementor-top-column elementor-element elementor-element-92c4a6b\" data-id=\"92c4a6b\" data-element_type=\"column\">\n\t\t\t<div class=\"elementor-column-wrap elementor-element-populated\">\n\t\t\t\t\t\t\t<div class=\"elementor-widget-wrap\">\n\t\t\t\t\t\t<div class=\"elementor-element elementor-element-f2c2f42 elementor-widget elementor-widget-image\" data-id=\"f2c2f42\" data-element_type=\"widget\" data-widget_type=\"image.default\">\n\t\t\t\t<div class=\"elementor-widget-container\">\n\t\t\t\t\t\t\t\t<div class=\"elementor-image\">\n\t\t\t\t\t\t\t\t\t\t\t\t<img width=\"416\" height=\"108\" src=\"https:\/\/www.inbsys.fr\/institutionnel\/wp-content\/uploads\/2021\/04\/Amadeus-Squared.png\" class=\"attachment-large size-large\" alt=\"\" loading=\"lazy\" srcset=\"https:\/\/www.inbsys.fr\/institutionnel\/wp-content\/uploads\/2021\/04\/Amadeus-Squared.png 416w, https:\/\/www.inbsys.fr\/institutionnel\/wp-content\/uploads\/2021\/04\/Amadeus-Squared-300x78.png 300w\" sizes=\"(max-width: 416px) 100vw, 416px\" \/>\t\t\t\t\t\t\t\t\t\t\t\t\t\t<\/div>\n\t\t\t\t\t\t<\/div>\n\t\t\t\t<\/div>\n\t\t\t\t<div class=\"elementor-element elementor-element-e82b22a elementor-widget elementor-widget-text-editor\" data-id=\"e82b22a\" data-element_type=\"widget\" data-widget_type=\"text-editor.default\">\n\t\t\t\t<div class=\"elementor-widget-container\">\n\t\t\t\t\t\t\t\t<div class=\"elementor-text-editor elementor-clearfix\">\n\t\t\t\t<p>compl\u00e9tement int\u00e9gr\u00e9 \u00e0 la plateforme Amadeus, <strong>A-TA<\/strong> fournit toutes les fonctionnalit\u00e9s li\u00e9s \u00e0 l&rsquo;assurance voyage pour les compagnies a\u00e9riennes, les agences de voyage traditionnelles et en ligne.<\/p>\t\t\t\t\t<\/div>\n\t\t\t\t\t\t<\/div>\n\t\t\t\t<\/div>\n\t\t\t\t<div class=\"elementor-element elementor-element-a53bebf elementor-align-center elementor-widget elementor-widget-button\" data-id=\"a53bebf\" data-element_type=\"widget\" data-widget_type=\"button.default\">\n\t\t\t\t<div class=\"elementor-widget-container\">\n\t\t\t\t\t<div class=\"elementor-button-wrapper\">\n\t\t\t<a href=\"\/institutionnel\/fr\/nos-partenaires\/gds\/amadeus\/\" target=\"_blank\" class=\"elementor-button-link elementor-button elementor-size-sm\" role=\"button\">\n\t\t\t\t\t\t<span class=\"elementor-button-content-wrapper\">\n\t\t\t\t\t\t<span class=\"elementor-button-text\">Besoin de plus<\/span>\n\t\t<\/span>\n\t\t\t\t\t<\/a>\n\t\t<\/div>\n\t\t\t\t<\/div>\n\t\t\t\t<\/div>\n\t\t\t\t\t\t<\/div>\n\t\t\t\t\t<\/div>\n\t\t<\/div>\n\t\t\t\t<div class=\"elementor-column elementor-col-33 elementor-top-column elementor-element elementor-element-fc9a603\" data-id=\"fc9a603\" data-element_type=\"column\">\n\t\t\t<div class=\"elementor-column-wrap elementor-element-populated\">\n\t\t\t\t\t\t\t<div class=\"elementor-widget-wrap\">\n\t\t\t\t\t\t<div class=\"elementor-element elementor-element-adaf4fb elementor-widget elementor-widget-image\" data-id=\"adaf4fb\" data-element_type=\"widget\" data-widget_type=\"image.default\">\n\t\t\t\t<div class=\"elementor-widget-container\">\n\t\t\t\t\t\t\t\t<div class=\"elementor-image\">\n\t\t\t\t\t\t\t\t\t\t\t\t<img width=\"416\" height=\"107\" src=\"https:\/\/www.inbsys.fr\/institutionnel\/wp-content\/uploads\/2021\/04\/Sabre-Squared.png\" class=\"attachment-large size-large\" alt=\"\" loading=\"lazy\" srcset=\"https:\/\/www.inbsys.fr\/institutionnel\/wp-content\/uploads\/2021\/04\/Sabre-Squared.png 416w, https:\/\/www.inbsys.fr\/institutionnel\/wp-content\/uploads\/2021\/04\/Sabre-Squared-300x77.png 300w\" sizes=\"(max-width: 416px) 100vw, 416px\" \/>\t\t\t\t\t\t\t\t\t\t\t\t\t\t<\/div>\n\t\t\t\t\t\t<\/div>\n\t\t\t\t<\/div>\n\t\t\t\t<div class=\"elementor-element elementor-element-5409f15 elementor-widget elementor-widget-text-editor\" data-id=\"5409f15\" data-element_type=\"widget\" data-widget_type=\"text-editor.default\">\n\t\t\t\t<div class=\"elementor-widget-container\">\n\t\t\t\t\t\t\t\t<div class=\"elementor-text-editor elementor-clearfix\">\n\t\t\t\t<p><strong>TiBi<\/strong> est enti\u00e8rement int\u00e9gr\u00e9 \u00e0 Sabre Red 360 avec toutes les fonctionnalit\u00e9s d&rsquo;assurance pour les agences de voyage. Les agents de voyage peuvent ainsi tarifer, vendre et distribuer des contrats d&rsquo;assurance aux voyageurs.<\/p>\t\t\t\t\t<\/div>\n\t\t\t\t\t\t<\/div>\n\t\t\t\t<\/div>\n\t\t\t\t<div class=\"elementor-element elementor-element-b435a88 elementor-button-danger elementor-align-center elementor-widget elementor-widget-button\" data-id=\"b435a88\" data-element_type=\"widget\" data-widget_type=\"button.default\">\n\t\t\t\t<div class=\"elementor-widget-container\">\n\t\t\t\t\t<div class=\"elementor-button-wrapper\">\n\t\t\t<a href=\"\/institutionnel\/fr\/nos-partenaires\/gds\/sabre\/\" target=\"_blank\" class=\"elementor-button-link elementor-button elementor-size-sm\" role=\"button\">\n\t\t\t\t\t\t<span class=\"elementor-button-content-wrapper\">\n\t\t\t\t\t\t<span class=\"elementor-button-text\">Plus d'informations<\/span>\n\t\t<\/span>\n\t\t\t\t\t<\/a>\n\t\t<\/div>\n\t\t\t\t<\/div>\n\t\t\t\t<\/div>\n\t\t\t\t\t\t<\/div>\n\t\t\t\t\t<\/div>\n\t\t<\/div>\n\t\t\t\t<div class=\"elementor-column elementor-col-33 elementor-top-column elementor-element elementor-element-619d861\" data-id=\"619d861\" data-element_type=\"column\">\n\t\t\t<div class=\"elementor-column-wrap elementor-element-populated\">\n\t\t\t\t\t\t\t<div class=\"elementor-widget-wrap\">\n\t\t\t\t\t\t<div class=\"elementor-element elementor-element-10b23c9 elementor-widget elementor-widget-image\" data-id=\"10b23c9\" data-element_type=\"widget\" data-widget_type=\"image.default\">\n\t\t\t\t<div class=\"elementor-widget-container\">\n\t\t\t\t\t\t\t\t<div class=\"elementor-image\">\n\t\t\t\t\t\t\t\t\t\t\t\t<img width=\"416\" height=\"108\" src=\"https:\/\/www.inbsys.fr\/institutionnel\/wp-content\/uploads\/2021\/06\/Travelport-Squared.png\" class=\"attachment-large size-large\" alt=\"\" loading=\"lazy\" srcset=\"https:\/\/www.inbsys.fr\/institutionnel\/wp-content\/uploads\/2021\/06\/Travelport-Squared.png 416w, https:\/\/www.inbsys.fr\/institutionnel\/wp-content\/uploads\/2021\/06\/Travelport-Squared-300x78.png 300w\" sizes=\"(max-width: 416px) 100vw, 416px\" \/>\t\t\t\t\t\t\t\t\t\t\t\t\t\t<\/div>\n\t\t\t\t\t\t<\/div>\n\t\t\t\t<\/div>\n\t\t\t\t<div class=\"elementor-element elementor-element-b98c520 elementor-widget elementor-widget-text-editor\" data-id=\"b98c520\" data-element_type=\"widget\" data-widget_type=\"text-editor.default\">\n\t\t\t\t<div class=\"elementor-widget-container\">\n\t\t\t\t\t\t\t\t<div class=\"elementor-text-editor elementor-clearfix\">\n\t\t\t\t<p><strong>TiBi<\/strong> est enti\u00e8rement int\u00e9gr\u00e9 dans Travelport Smartpoint avec tous les fonctionnalit\u00e9s d&rsquo;assurance pour les agences de voyage. Les agents de voyage peuvent ainsi tarifer, vendre et distribuer des contrats d&rsquo;assurance aux voyageurs.<\/p>\t\t\t\t\t<\/div>\n\t\t\t\t\t\t<\/div>\n\t\t\t\t<\/div>\n\t\t\t\t<div class=\"elementor-element elementor-element-6211e0e elementor-button-info elementor-align-center elementor-widget elementor-widget-button\" data-id=\"6211e0e\" data-element_type=\"widget\" data-widget_type=\"button.default\">\n\t\t\t\t<div class=\"elementor-widget-container\">\n\t\t\t\t\t<div class=\"elementor-button-wrapper\">\n\t\t\t<a href=\"\/institutionnel\/fr\/nos-partenaires\/gds\/travelport\/\" target=\"_blank\" class=\"elementor-button-link elementor-button elementor-size-sm\" role=\"button\">\n\t\t\t\t\t\t<span class=\"elementor-button-content-wrapper\">\n\t\t\t\t\t\t<span class=\"elementor-button-text\">Plus d'informations<\/span>\n\t\t<\/span>\n\t\t\t\t\t<\/a>\n\t\t<\/div>\n\t\t\t\t<\/div>\n\t\t\t\t<\/div>\n\t\t\t\t\t\t<\/div>\n\t\t\t\t\t<\/div>\n\t\t<\/div>\n\t\t\t\t\t\t\t\t<\/div>\n\t\t\t\t\t<\/div>\n\t\t<\/section>\n\t\t\t\t\t\t\t\t\t<\/div>\n\t\t\t<\/div>\n\t\t\t\t\t<\/div>\n\t\t","protected":false},"excerpt":{"rendered":"<p>Les 3 plus grands GDS font confiance \u00e0 Inbsys Les GDS sont nos partenaires pour offrir la meilleure exp\u00e9rience de souscription d&rsquo;assurance voyage aux agents de voyage. Inbsys a d\u00e9velopp\u00e9 une solution d&rsquo;assurance compl\u00e9tement int\u00e9gr\u00e9e \u00e0 chaque plateforme GDS avec tous les workflows d&rsquo;assurance voyage certifi\u00e9s par chacun d&rsquo;eux. Disponible dans +180 pays gr\u00e2ce \u00e0 [&hellip;]<\/p>\n","protected":false},"author":1,"featured_media":0,"parent":7907,"menu_order":0,"comment_status":"closed","ping_status":"closed","template":"template\/full-width-template.php","meta":[],"_links":{"self":[{"href":"https:\/\/www.inbsys.fr\/institutionnel\/fr\/wp-json\/wp\/v2\/pages\/7909"}],"collection":[{"href":"https:\/\/www.inbsys.fr\/institutionnel\/fr\/wp-json\/wp\/v2\/pages"}],"about":[{"href":"https:\/\/www.inbsys.fr\/institutionnel\/fr\/wp-json\/wp\/v2\/types\/page"}],"author":[{"embeddable":true,"href":"https:\/\/www.inbsys.fr\/institutionnel\/fr\/wp-json\/wp\/v2\/users\/1"}],"replies":[{"embeddable":true,"href":"https:\/\/www.inbsys.fr\/institutionnel\/fr\/wp-json\/wp\/v2\/comments?post=7909"}],"version-history":[{"count":66,"href":"https:\/\/www.inbsys.fr\/institutionnel\/fr\/wp-json\/wp\/v2\/pages\/7909\/revisions"}],"predecessor-version":[{"id":10884,"href":"https:\/\/www.inbsys.fr\/institutionnel\/fr\/wp-json\/wp\/v2\/pages\/7909\/revisions\/10884"}],"up":[{"embeddable":true,"href":"https:\/\/www.inbsys.fr\/institutionnel\/fr\/wp-json\/wp\/v2\/pages\/7907"}],"wp:attachment":[{"href":"https:\/\/www.inbsys.fr\/institutionnel\/fr\/wp-json\/wp\/v2\/media?parent=7909"}],"curies":[{"name":"wp","href":"https:\/\/api.w.org\/{rel}","templated":true}]}}